{"id":2697,"date":"2017-06-21T08:08:41","date_gmt":"2017-06-21T08:08:41","guid":{"rendered":"http:\/\/dummy.xtemos.com\/woodmart-elementor\/?page_id=265"},"modified":"2017-06-21T08:08:41","modified_gmt":"2017-06-21T08:08:41","slug":"compare","status":"publish","type":"page","link":"https:\/\/tooling.harsle.com\/cs\/compare\/","title":{"rendered":"Porovnejte"},"content":{"rendered":"<div class=\"wd-empty-block wd-empty-compare\">\n\t\t\t<h2 class=\"wd-empty-block-title\">\n\t\t\t\tCompare list is empty.\t\t\t<\/h2>\n\t\t\t\t\t\t\t<p class=\"wd-empty-block-text\">\n\t\t\t\t\tDo porovn\u00e1vac\u00edho seznamu nebyly p\u0159id\u00e1ny \u017e\u00e1dn\u00e9 produkty. Chcete-li je porovnat, mus\u00edte p\u0159idat n\u011bkter\u00e9 produkty.<br> Na na\u0161\u00ed str\u00e1nce &quot;Obchod&quot; najdete spoustu zaj\u00edmav\u00fdch produkt\u016f.\t\t\t\t<\/p>\n\t\t\t\t\t\t<a class=\"button btn btn-accent wd-empty-block-btn\" href=\"https:\/\/tooling.harsle.com\/cs\/products\/\">\n\t\t\t\tReturn to shop\t\t\t<\/a>\n\t\t<\/div>","protected":false},"excerpt":{"rendered":"","protected":false},"author":1,"featured_media":0,"parent":0,"menu_order":0,"comment_status":"closed","ping_status":"closed","template":"","meta":{"footnotes":""},"class_list":["post-2697","page","type-page","status-publish","hentry"],"jetpack_sharing_enabled":true,"_links":{"self":[{"href":"https:\/\/tooling.harsle.com\/cs\/wp-json\/wp\/v2\/pages\/2697","targetHints":{"allow":["GET"]}}],"collection":[{"href":"https:\/\/tooling.harsle.com\/cs\/wp-json\/wp\/v2\/pages"}],"about":[{"href":"https:\/\/tooling.harsle.com\/cs\/wp-json\/wp\/v2\/types\/page"}],"author":[{"embeddable":true,"href":"https:\/\/tooling.harsle.com\/cs\/wp-json\/wp\/v2\/users\/1"}],"replies":[{"embeddable":true,"href":"https:\/\/tooling.harsle.com\/cs\/wp-json\/wp\/v2\/comments?post=2697"}],"version-history":[{"count":0,"href":"https:\/\/tooling.harsle.com\/cs\/wp-json\/wp\/v2\/pages\/2697\/revisions"}],"wp:attachment":[{"href":"https:\/\/tooling.harsle.com\/cs\/wp-json\/wp\/v2\/media?parent=2697"}],"curies":[{"name":"wp","href":"https:\/\/api.w.org\/{rel}","templated":true}]}}