{"id":15807,"date":"2021-08-01T15:09:20","date_gmt":"2021-08-01T15:09:20","guid":{"rendered":"https:\/\/tooling.harsle.com\/product\/1146-10mm-z-forming-joggle-tool\/"},"modified":"2024-10-03T15:15:33","modified_gmt":"2024-10-03T15:15:33","slug":"1146-10mm-z-forming-joggle-tool","status":"publish","type":"product","link":"https:\/\/tooling.harsle.com\/cs\/produkt\/1146-10mm-z-forming-joggle-tool\/","title":{"rendered":"1146 10mm Z Tv\u00e1\u0159ec\u00ed n\u00e1stroj na jogging"},"content":{"rendered":"","protected":false},"excerpt":{"rendered":"","protected":false},"featured_media":13464,"comment_status":"closed","ping_status":"closed","template":"","meta":[],"product_brand":[],"product_cat":[1632,1624],"product_tag":[1698,1633],"class_list":{"0":"post-15807","1":"product","2":"type-product","3":"status-publish","4":"has-post-thumbnail","6":"product_cat-joggle-tool","7":"product_cat-special-tools","8":"product_tag-10mm-z-forming-tool","9":"product_tag-joggle-tool","10":"pa_sheet-thickness-3mm","11":"pa_width-27mm","12":"pa_z-height-10mm","14":"first","15":"instock","16":"purchasable","17":"product-type-variable","18":"has-default-attributes"},"jetpack_sharing_enabled":true,"_links":{"self":[{"href":"https:\/\/tooling.harsle.com\/cs\/wp-json\/wp\/v2\/product\/15807","targetHints":{"allow":["GET"]}}],"collection":[{"href":"https:\/\/tooling.harsle.com\/cs\/wp-json\/wp\/v2\/product"}],"about":[{"href":"https:\/\/tooling.harsle.com\/cs\/wp-json\/wp\/v2\/types\/product"}],"replies":[{"embeddable":true,"href":"https:\/\/tooling.harsle.com\/cs\/wp-json\/wp\/v2\/comments?post=15807"}],"version-history":[{"count":0,"href":"https:\/\/tooling.harsle.com\/cs\/wp-json\/wp\/v2\/product\/15807\/revisions"}],"wp:featuredmedia":[{"embeddable":true,"href":"https:\/\/tooling.harsle.com\/cs\/wp-json\/wp\/v2\/media\/13464"}],"wp:attachment":[{"href":"https:\/\/tooling.harsle.com\/cs\/wp-json\/wp\/v2\/media?parent=15807"}],"wp:term":[{"taxonomy":"product_brand","embeddable":true,"href":"https:\/\/tooling.harsle.com\/cs\/wp-json\/wp\/v2\/product_brand?post=15807"},{"taxonomy":"product_cat","embeddable":true,"href":"https:\/\/tooling.harsle.com\/cs\/wp-json\/wp\/v2\/product_cat?post=15807"},{"taxonomy":"product_tag","embeddable":true,"href":"https:\/\/tooling.harsle.com\/cs\/wp-json\/wp\/v2\/product_tag?post=15807"}],"curies":[{"name":"wp","href":"https:\/\/api.w.org\/{rel}","templated":true}]}}