{"id":16006,"date":"2021-08-02T14:09:36","date_gmt":"2021-08-02T14:09:36","guid":{"rendered":"https:\/\/tooling.harsle.com\/product\/1240-wila-trumpf-radius-tool-holder\/"},"modified":"2024-10-03T15:15:31","modified_gmt":"2024-10-03T15:15:31","slug":"1240-wila-trumpf-radius-tool-holder","status":"publish","type":"product","link":"https:\/\/tooling.harsle.com\/cs\/produkt\/1240-wila-trumpf-radius-tool-holder\/","title":{"rendered":"1240 Radiusov\u00fd n\u00e1strojov\u00fd dr\u017e\u00e1k WILA-TRUMPF"},"content":{"rendered":"","protected":false},"excerpt":{"rendered":"","protected":false},"featured_media":13512,"comment_status":"closed","ping_status":"closed","template":"","meta":[],"product_brand":[],"product_cat":[1840,1624],"product_tag":[1841,1497],"class_list":{"0":"post-16006","1":"product","2":"type-product","3":"status-publish","4":"has-post-thumbnail","6":"product_cat-radius-tool-holder","7":"product_cat-special-tools","8":"product_tag-radius-tool-holder","9":"product_tag-wila-trumpf","11":"first","12":"instock","13":"purchasable","14":"product-type-variable","15":"has-default-attributes"},"jetpack_sharing_enabled":true,"_links":{"self":[{"href":"https:\/\/tooling.harsle.com\/cs\/wp-json\/wp\/v2\/product\/16006","targetHints":{"allow":["GET"]}}],"collection":[{"href":"https:\/\/tooling.harsle.com\/cs\/wp-json\/wp\/v2\/product"}],"about":[{"href":"https:\/\/tooling.harsle.com\/cs\/wp-json\/wp\/v2\/types\/product"}],"replies":[{"embeddable":true,"href":"https:\/\/tooling.harsle.com\/cs\/wp-json\/wp\/v2\/comments?post=16006"}],"version-history":[{"count":0,"href":"https:\/\/tooling.harsle.com\/cs\/wp-json\/wp\/v2\/product\/16006\/revisions"}],"wp:featuredmedia":[{"embeddable":true,"href":"https:\/\/tooling.harsle.com\/cs\/wp-json\/wp\/v2\/media\/13512"}],"wp:attachment":[{"href":"https:\/\/tooling.harsle.com\/cs\/wp-json\/wp\/v2\/media?parent=16006"}],"wp:term":[{"taxonomy":"product_brand","embeddable":true,"href":"https:\/\/tooling.harsle.com\/cs\/wp-json\/wp\/v2\/product_brand?post=16006"},{"taxonomy":"product_cat","embeddable":true,"href":"https:\/\/tooling.harsle.com\/cs\/wp-json\/wp\/v2\/product_cat?post=16006"},{"taxonomy":"product_tag","embeddable":true,"href":"https:\/\/tooling.harsle.com\/cs\/wp-json\/wp\/v2\/product_tag?post=16006"}],"curies":[{"name":"wp","href":"https:\/\/api.w.org\/{rel}","templated":true}]}}