{"id":16445,"date":"2021-08-07T01:54:33","date_gmt":"2021-08-07T01:54:33","guid":{"rendered":"https:\/\/tooling.harsle.com\/product\/6019-index-boltshand-crank-manual-bidirectional-crowning\/"},"modified":"2024-10-03T15:15:28","modified_gmt":"2024-10-03T15:15:28","slug":"6019-index-boltshand-crank-manual-bidirectional-crowning","status":"publish","type":"product","link":"https:\/\/tooling.harsle.com\/cs\/produkt\/6019-index-boltshand-crank-manual-bidirectional-crowning\/","title":{"rendered":"6019 Indexov\u00e9 \u0161rouby+ru\u010dn\u00ed klika Ru\u010dn\u00ed obousm\u011brn\u00e9 korunov\u00e1n\u00ed"},"content":{"rendered":"","protected":false},"excerpt":{"rendered":"","protected":false},"featured_media":16399,"comment_status":"closed","ping_status":"open","template":"","meta":[],"product_brand":[],"product_cat":[1623,2004,1996],"product_tag":[2005,2006,2007],"class_list":{"0":"post-16445","1":"product","2":"type-product","3":"status-publish","4":"has-post-thumbnail","6":"product_cat-accessories","7":"product_cat-bidirectional-crowning","8":"product_cat-crowning-system-accessories","9":"product_tag-bidirectional-crowning","10":"product_tag-crowning-system","11":"product_tag-index-boltshand-crank-crowning","12":"pa_maximum-h1-2-5mm","13":"pa_maximum-h1-2mm","14":"pa_maximum-h2-1mm","15":"pa_method-index-boltshand-crank","16":"pa_width-220mm","18":"first","19":"instock","20":"purchasable","21":"product-type-variable"},"jetpack_sharing_enabled":true,"_links":{"self":[{"href":"https:\/\/tooling.harsle.com\/cs\/wp-json\/wp\/v2\/product\/16445","targetHints":{"allow":["GET"]}}],"collection":[{"href":"https:\/\/tooling.harsle.com\/cs\/wp-json\/wp\/v2\/product"}],"about":[{"href":"https:\/\/tooling.harsle.com\/cs\/wp-json\/wp\/v2\/types\/product"}],"replies":[{"embeddable":true,"href":"https:\/\/tooling.harsle.com\/cs\/wp-json\/wp\/v2\/comments?post=16445"}],"version-history":[{"count":0,"href":"https:\/\/tooling.harsle.com\/cs\/wp-json\/wp\/v2\/product\/16445\/revisions"}],"wp:featuredmedia":[{"embeddable":true,"href":"https:\/\/tooling.harsle.com\/cs\/wp-json\/wp\/v2\/media\/16399"}],"wp:attachment":[{"href":"https:\/\/tooling.harsle.com\/cs\/wp-json\/wp\/v2\/media?parent=16445"}],"wp:term":[{"taxonomy":"product_brand","embeddable":true,"href":"https:\/\/tooling.harsle.com\/cs\/wp-json\/wp\/v2\/product_brand?post=16445"},{"taxonomy":"product_cat","embeddable":true,"href":"https:\/\/tooling.harsle.com\/cs\/wp-json\/wp\/v2\/product_cat?post=16445"},{"taxonomy":"product_tag","embeddable":true,"href":"https:\/\/tooling.harsle.com\/cs\/wp-json\/wp\/v2\/product_tag?post=16445"}],"curies":[{"name":"wp","href":"https:\/\/api.w.org\/{rel}","templated":true}]}}