{"id":16825,"date":"2021-08-08T01:22:07","date_gmt":"2021-08-08T01:22:07","guid":{"rendered":"https:\/\/tooling.harsle.com\/?post_type=product&#038;p=16825"},"modified":"2024-10-03T15:15:26","modified_gmt":"2024-10-03T15:15:26","slug":"universal-bevel-protractor","status":"publish","type":"product","link":"https:\/\/tooling.harsle.com\/cs\/produkt\/universal-bevel-protractor\/","title":{"rendered":"Univerz\u00e1ln\u00ed \u00fahlom\u011br"},"content":{"rendered":"<p>(1) Zm\u011b\u0159te \u00fahel mezi 0\u00b0 a 50\u00b0<br \/>\nM\u011b\u0159ic\u00ed \u010d\u00e1st v\u00fdrobku je um\u00edst\u011bna mezi m\u011b\u0159ic\u00ed plochu z\u00e1kladn\u00edho prav\u00edtka a prav\u00edtko pro m\u011b\u0159en\u00ed.<br \/>\n(2) Zm\u011b\u0159te \u00fahel mezi 50\u00b0-140\u00b0<br \/>\nPrav\u00fd \u010dtverec lze sejmout, nainstalovat na prav\u00edtko tak, \u017ee je spojen se sektorovou deskou, m\u011b\u0159en\u00e1 \u010d\u00e1st d\u00edla se um\u00edst\u00ed mezi m\u011b\u0159ic\u00ed plochu z\u00e1kladn\u00edho prav\u00edtka a prav\u00edtko a prav\u00fd \u010dtverec nelze odstranit, odstran\u00ed se pouze prav\u00edtko a svorka a pot\u00e9 se prav\u00fd \u010dtverec st\u00e1hne dol\u016f, dokud se neprotne kr\u00e1tk\u00e1 strana a dlouh\u00e1 strana prav\u00e9ho \u010dtverce a ostr\u00e1 hrana z\u00e1kladn\u00edho prav\u00edtka k n\u011bmu. M\u011b\u0159en\u00e1 \u010d\u00e1st obrobku se um\u00edst\u00ed mezi m\u011b\u0159ic\u00ed plochu z\u00e1kladn\u00edho prav\u00edtka a kr\u00e1tkou hranu prav\u00e9ho \u010dtverce pro m\u011b\u0159en\u00ed.<br \/>\n(3) Zm\u011b\u0159te \u00fahel mezi 140\u00b0 \u2013 230\u00b0<br \/>\nOdstra\u0148te prav\u00edtko a svorku a nainstalujte pouze prav\u00fd \u010dtverec, ale zatla\u010dte prav\u00fd \u010dtverec nahoru, dokud nebude pr\u016fse\u010d\u00edk kr\u00e1tk\u00e9 a dlouh\u00e9 strany prav\u00e9ho \u010dtverce zarovn\u00e1n s ostrou hranou z\u00e1kladn\u00edho prav\u00edtka. Um\u00edst\u011bte m\u011b\u0159enou \u010d\u00e1st d\u00edla mezi m\u011b\u0159ic\u00ed plochu z\u00e1kladn\u00edho prav\u00edtka a kr\u00e1tkou stranu prav\u00e9ho \u010dtverce pro m\u011b\u0159en\u00ed.<br \/>\n(4) Zm\u011b\u0159te \u00fahel mezi 230\u00b0 a 320\u00b0<br \/>\nOdstra\u0148te v\u0161echny spr\u00e1vn\u00e9 \u010dtverce a svorky, ponechte pouze sektorovou desku a hlavn\u00ed prav\u00edtko (se z\u00e1kladn\u00edm prav\u00edtkem). Um\u00edst\u011bte m\u011b\u0159enou \u010d\u00e1st v\u00fdrobku mezi z\u00e1kladn\u00ed prav\u00edtko a m\u011b\u0159ic\u00ed plochu sektorov\u00e9 desky pro m\u011b\u0159en\u00ed.<\/p>\n<p><a href=\"https:\/\/tooling.harsle.com\/cs\/product-category\/accessories\/protractor\/\"><img decoding=\"async\" class=\"wd-lazy-fade aligncenter wp-image-16822 size-full\" src=\"https:\/\/tooling.harsle.com\/wp-content\/themes\/woodmart\/images\/lazy.svg\" data-src=\"https:\/\/tooling.harsle.com\/wp-content\/uploads\/2021\/08\/PROTRACTORS-2-1.png\" alt=\"\" width=\"934\" height=\"998\" title=\"\" srcset=\"\" data-srcset=\"https:\/\/tooling.harsle.com\/wp-content\/uploads\/2021\/08\/PROTRACTORS-2-1.png 934w, https:\/\/tooling.harsle.com\/wp-content\/uploads\/2021\/08\/PROTRACTORS-2-1-600x641.png 600w, https:\/\/tooling.harsle.com\/wp-content\/uploads\/2021\/08\/PROTRACTORS-2-1-150x160.png 150w, https:\/\/tooling.harsle.com\/wp-content\/uploads\/2021\/08\/PROTRACTORS-2-1-281x300.png 281w, https:\/\/tooling.harsle.com\/wp-content\/uploads\/2021\/08\/PROTRACTORS-2-1-768x821.png 768w\" sizes=\"(max-width: 934px) 100vw, 934px\" \/><\/a><a href=\"https:\/\/tooling.harsle.com\/cs\/product-category\/accessories\/protractor\/\"><img decoding=\"async\" class=\"wd-lazy-fade aligncenter wp-image-16823 size-full\" src=\"https:\/\/tooling.harsle.com\/wp-content\/themes\/woodmart\/images\/lazy.svg\" data-src=\"https:\/\/tooling.harsle.com\/wp-content\/uploads\/2021\/08\/Protractor-2.jpg\" alt=\"\" width=\"790\" height=\"926\" title=\"\" srcset=\"\" data-srcset=\"https:\/\/tooling.harsle.com\/wp-content\/uploads\/2021\/08\/Protractor-2.jpg 790w, https:\/\/tooling.harsle.com\/wp-content\/uploads\/2021\/08\/Protractor-2-600x703.jpg 600w, https:\/\/tooling.harsle.com\/wp-content\/uploads\/2021\/08\/Protractor-2-150x176.jpg 150w, https:\/\/tooling.harsle.com\/wp-content\/uploads\/2021\/08\/Protractor-2-256x300.jpg 256w, https:\/\/tooling.harsle.com\/wp-content\/uploads\/2021\/08\/Protractor-2-768x900.jpg 768w\" sizes=\"(max-width: 790px) 100vw, 790px\" \/><\/a><a href=\"https:\/\/tooling.harsle.com\/cs\/product-category\/accessories\/protractor\/\"><img decoding=\"async\" class=\"wd-lazy-fade aligncenter wp-image-16824 size-full\" src=\"https:\/\/tooling.harsle.com\/wp-content\/themes\/woodmart\/images\/lazy.svg\" data-src=\"https:\/\/tooling.harsle.com\/wp-content\/uploads\/2021\/08\/Protractor-1.jpg\" alt=\"\" width=\"790\" height=\"1018\" title=\"\" srcset=\"\" data-srcset=\"https:\/\/tooling.harsle.com\/wp-content\/uploads\/2021\/08\/Protractor-1.jpg 790w, https:\/\/tooling.harsle.com\/wp-content\/uploads\/2021\/08\/Protractor-1-600x773.jpg 600w, https:\/\/tooling.harsle.com\/wp-content\/uploads\/2021\/08\/Protractor-1-150x193.jpg 150w, https:\/\/tooling.harsle.com\/wp-content\/uploads\/2021\/08\/Protractor-1-233x300.jpg 233w, https:\/\/tooling.harsle.com\/wp-content\/uploads\/2021\/08\/Protractor-1-768x990.jpg 768w\" sizes=\"(max-width: 790px) 100vw, 790px\" \/><\/a><\/p>","protected":false},"excerpt":{"rendered":"<p>(1) Zm\u011b\u0159te \u00fahel mezi 0\u00b0 a 50\u00b0 M\u011b\u0159ic\u00ed \u010d\u00e1st v\u00fdrobku je um\u00edst\u011bna mezi m\u011b\u0159ic\u00ed plochu<\/p>","protected":false},"featured_media":16821,"comment_status":"open","ping_status":"closed","template":"","meta":[],"product_brand":[],"product_cat":[1623,2091],"product_tag":[2088,2094,2093],"class_list":{"0":"post-16825","1":"product","2":"type-product","3":"status-publish","4":"has-post-thumbnail","6":"product_cat-accessories","7":"product_cat-protractor","8":"product_tag-angle-ruler","9":"product_tag-protractor","10":"product_tag-universal-bevel-protractor","12":"first","13":"instock","14":"shipping-taxable","15":"purchasable","16":"product-type-variable"},"jetpack_sharing_enabled":true,"_links":{"self":[{"href":"https:\/\/tooling.harsle.com\/cs\/wp-json\/wp\/v2\/product\/16825","targetHints":{"allow":["GET"]}}],"collection":[{"href":"https:\/\/tooling.harsle.com\/cs\/wp-json\/wp\/v2\/product"}],"about":[{"href":"https:\/\/tooling.harsle.com\/cs\/wp-json\/wp\/v2\/types\/product"}],"replies":[{"embeddable":true,"href":"https:\/\/tooling.harsle.com\/cs\/wp-json\/wp\/v2\/comments?post=16825"}],"version-history":[{"count":0,"href":"https:\/\/tooling.harsle.com\/cs\/wp-json\/wp\/v2\/product\/16825\/revisions"}],"wp:featuredmedia":[{"embeddable":true,"href":"https:\/\/tooling.harsle.com\/cs\/wp-json\/wp\/v2\/media\/16821"}],"wp:attachment":[{"href":"https:\/\/tooling.harsle.com\/cs\/wp-json\/wp\/v2\/media?parent=16825"}],"wp:term":[{"taxonomy":"product_brand","embeddable":true,"href":"https:\/\/tooling.harsle.com\/cs\/wp-json\/wp\/v2\/product_brand?post=16825"},{"taxonomy":"product_cat","embeddable":true,"href":"https:\/\/tooling.harsle.com\/cs\/wp-json\/wp\/v2\/product_cat?post=16825"},{"taxonomy":"product_tag","embeddable":true,"href":"https:\/\/tooling.harsle.com\/cs\/wp-json\/wp\/v2\/product_tag?post=16825"}],"curies":[{"name":"wp","href":"https:\/\/api.w.org\/{rel}","templated":true}]}}