{"id":16854,"date":"2021-08-08T06:13:05","date_gmt":"2021-08-08T06:13:05","guid":{"rendered":"https:\/\/tooling.harsle.com\/?post_type=product&#038;p=16854"},"modified":"2024-10-03T15:15:25","modified_gmt":"2024-10-03T15:15:25","slug":"amada-type-double-side-fast-tool-clamp","status":"publish","type":"product","link":"https:\/\/tooling.harsle.com\/cs\/produkt\/amada-type-double-side-fast-tool-clamp\/","title":{"rendered":"Oboustrann\u00e1 rychl\u00e1 n\u00e1strojov\u00e1 sv\u011brka typu Amada"},"content":{"rendered":"<ul>\n<li>Mal\u00e9 d\u011blen\u00e9 razn\u00edky (4\u02dd a men\u0161\u00ed) lze zacvaknout a vyjmout z p\u0159edn\u00ed \u010d\u00e1sti dr\u017e\u00e1ku<\/li>\n<li>Razn\u00edky lze rychle namontovat pomoc\u00ed p\u0159edn\u00edch nebo zadn\u00edch up\u00ednac\u00edch desek, co\u017e je standardn\u00ed funkce. D\u00edly vy\u017eaduj\u00edc\u00ed odleh\u010den\u00ed razn\u00edku kv\u016fli interferenci lze p\u0159izp\u016fsobit mont\u00e1\u017e\u00ed razn\u00edku na ob\u011b strany svorky typu Amada. Razn\u00edk z\u016fst\u00e1v\u00e1 vyst\u0159ed\u011bn\u00fd, a\u0165 je namontov\u00e1n na p\u0159edn\u00ed nebo zadn\u00ed stran\u011b dr\u017e\u00e1ku.<\/li>\n<li>K uta\u017een\u00ed razn\u00edku nejsou pot\u0159eba \u017e\u00e1dn\u00e9 n\u00e1stroje, pouh\u00fdm oto\u010den\u00edm p\u00e1ky se razn\u00edky zablokuj\u00ed v dr\u017e\u00e1ku<\/li>\n<li>Vnit\u0159n\u00ed nastavovac\u00ed kl\u00edn umo\u017e\u0148uje um\u00edst\u011bn\u00ed dr\u017e\u00e1ku razn\u00edku bez mezer<\/li>\n<li>Svorka typu Amada funguje na v\u0161ech st\u00e1vaj\u00edc\u00edch brzd\u00e1ch a nab\u00edz\u00ed snadnou dovybaven\u00ed<\/li>\n<li>Zaji\u0161\u0165uje poka\u017ed\u00e9 spr\u00e1vn\u00e9 uta\u017een\u00ed n\u00e1stroje<img decoding=\"async\" class=\"wd-lazy-fade aligncenter size-full wp-image-16858\" src=\"https:\/\/tooling.harsle.com\/wp-content\/themes\/woodmart\/images\/lazy.svg\" data-src=\"https:\/\/tooling.harsle.com\/wp-content\/uploads\/2021\/08\/amada-fast-tool-clamp.png\" alt=\"\" width=\"1351\" height=\"1043\" title=\"\" srcset=\"\" data-srcset=\"https:\/\/tooling.harsle.com\/wp-content\/uploads\/2021\/08\/amada-fast-tool-clamp.png 1351w, https:\/\/tooling.harsle.com\/wp-content\/uploads\/2021\/08\/amada-fast-tool-clamp-600x463.png 600w, https:\/\/tooling.harsle.com\/wp-content\/uploads\/2021\/08\/amada-fast-tool-clamp-150x116.png 150w, https:\/\/tooling.harsle.com\/wp-content\/uploads\/2021\/08\/amada-fast-tool-clamp-1200x926.png 1200w, https:\/\/tooling.harsle.com\/wp-content\/uploads\/2021\/08\/amada-fast-tool-clamp-300x232.png 300w, https:\/\/tooling.harsle.com\/wp-content\/uploads\/2021\/08\/amada-fast-tool-clamp-1024x791.png 1024w, https:\/\/tooling.harsle.com\/wp-content\/uploads\/2021\/08\/amada-fast-tool-clamp-768x593.png 768w\" sizes=\"(max-width: 1351px) 100vw, 1351px\" \/><\/li>\n<\/ul>","protected":false},"excerpt":{"rendered":"<p>Mal\u00e9 d\u011blen\u00e9 razn\u00edky (4\u02dd a men\u0161\u00ed) lze zacvaknout a vyjmout z p\u0159edn\u00ed \u010d\u00e1sti dr\u017e\u00e1ku Razn\u00edky mohou<\/p>","protected":false},"featured_media":16851,"comment_status":"open","ping_status":"closed","template":"","meta":[],"product_brand":[],"product_cat":[1623,1622],"product_tag":[2100,2099,2098],"class_list":{"0":"post-16854","1":"product","2":"type-product","3":"status-publish","4":"has-post-thumbnail","6":"product_cat-accessories","7":"product_cat-tooling-clamp","8":"product_tag-amada-clamp","9":"product_tag-fast-clamp","10":"product_tag-tool-clamp","12":"first","13":"instock","14":"shipping-taxable","15":"purchasable","16":"product-type-simple"},"jetpack_sharing_enabled":true,"_links":{"self":[{"href":"https:\/\/tooling.harsle.com\/cs\/wp-json\/wp\/v2\/product\/16854","targetHints":{"allow":["GET"]}}],"collection":[{"href":"https:\/\/tooling.harsle.com\/cs\/wp-json\/wp\/v2\/product"}],"about":[{"href":"https:\/\/tooling.harsle.com\/cs\/wp-json\/wp\/v2\/types\/product"}],"replies":[{"embeddable":true,"href":"https:\/\/tooling.harsle.com\/cs\/wp-json\/wp\/v2\/comments?post=16854"}],"version-history":[{"count":0,"href":"https:\/\/tooling.harsle.com\/cs\/wp-json\/wp\/v2\/product\/16854\/revisions"}],"wp:featuredmedia":[{"embeddable":true,"href":"https:\/\/tooling.harsle.com\/cs\/wp-json\/wp\/v2\/media\/16851"}],"wp:attachment":[{"href":"https:\/\/tooling.harsle.com\/cs\/wp-json\/wp\/v2\/media?parent=16854"}],"wp:term":[{"taxonomy":"product_brand","embeddable":true,"href":"https:\/\/tooling.harsle.com\/cs\/wp-json\/wp\/v2\/product_brand?post=16854"},{"taxonomy":"product_cat","embeddable":true,"href":"https:\/\/tooling.harsle.com\/cs\/wp-json\/wp\/v2\/product_cat?post=16854"},{"taxonomy":"product_tag","embeddable":true,"href":"https:\/\/tooling.harsle.com\/cs\/wp-json\/wp\/v2\/product_tag?post=16854"}],"curies":[{"name":"wp","href":"https:\/\/api.w.org\/{rel}","templated":true}]}}