{"id":16854,"date":"2021-08-08T06:13:05","date_gmt":"2021-08-08T06:13:05","guid":{"rendered":"https:\/\/tooling.harsle.com\/?post_type=product&#038;p=16854"},"modified":"2024-10-03T15:15:25","modified_gmt":"2024-10-03T15:15:25","slug":"amada-type-double-side-fast-tool-clamp","status":"publish","type":"product","link":"https:\/\/tooling.harsle.com\/de\/produkt\/amada-type-double-side-fast-tool-clamp\/","title":{"rendered":"Doppelseitige Schnellspannklemme vom Typ Amada"},"content":{"rendered":"<ul>\n<li>Kleine geteilte Stempel (4\u02dd und kleiner) k\u00f6nnen von der Vorderseite des Halters ein- und ausgerastet werden<\/li>\n<li>Stanzen k\u00f6nnen schnell mit den standardm\u00e4\u00dfigen vorderen oder hinteren Klemmplatten montiert werden. Teile, die aufgrund von Interferenzen eine Stempelentlastung erfordern, k\u00f6nnen angepasst werden, indem der Stempel auf beiden Seiten der Amada-Klemme montiert wird. Der Stempel bleibt zentriert, egal ob auf der Vorder- oder R\u00fcckseite des Halters montiert.<\/li>\n<li>Zum Festziehen des Stempels ist kein Werkzeug erforderlich, durch einfaches Drehen des Hebels werden die Stempel in der Halterung arretiert<\/li>\n<li>Interner Einstellkeil erm\u00f6glicht eine l\u00fcckenlose Positionierung des Stempelhalters<\/li>\n<li>Klemme vom Typ Amada funktioniert an allen vorhandenen Bremsen und bietet eine einfache Nachr\u00fcstung<\/li>\n<li>Gew\u00e4hrleistet jedes Mal das richtige Anziehen des Werkzeugs<img decoding=\"async\" class=\"wd-lazy-fade aligncenter size-full wp-image-16858\" src=\"https:\/\/tooling.harsle.com\/wp-content\/themes\/woodmart\/images\/lazy.svg\" data-src=\"https:\/\/tooling.harsle.com\/wp-content\/uploads\/2021\/08\/amada-fast-tool-clamp.png\" alt=\"\" width=\"1351\" height=\"1043\" title=\"\" srcset=\"\" data-srcset=\"https:\/\/tooling.harsle.com\/wp-content\/uploads\/2021\/08\/amada-fast-tool-clamp.png 1351w, https:\/\/tooling.harsle.com\/wp-content\/uploads\/2021\/08\/amada-fast-tool-clamp-600x463.png 600w, https:\/\/tooling.harsle.com\/wp-content\/uploads\/2021\/08\/amada-fast-tool-clamp-150x116.png 150w, https:\/\/tooling.harsle.com\/wp-content\/uploads\/2021\/08\/amada-fast-tool-clamp-1200x926.png 1200w, https:\/\/tooling.harsle.com\/wp-content\/uploads\/2021\/08\/amada-fast-tool-clamp-300x232.png 300w, https:\/\/tooling.harsle.com\/wp-content\/uploads\/2021\/08\/amada-fast-tool-clamp-1024x791.png 1024w, https:\/\/tooling.harsle.com\/wp-content\/uploads\/2021\/08\/amada-fast-tool-clamp-768x593.png 768w\" sizes=\"(max-width: 1351px) 100vw, 1351px\" \/><\/li>\n<\/ul>","protected":false},"excerpt":{"rendered":"<p>Kleine unterteilte Locher (4\u02dd und kleiner) k\u00f6nnen an der Vorderseite des Locherhalters ein- und ausgerastet werden<\/p>","protected":false},"featured_media":16851,"comment_status":"open","ping_status":"closed","template":"","meta":[],"product_brand":[],"product_cat":[1623,1622],"product_tag":[2100,2099,2098],"class_list":{"0":"post-16854","1":"product","2":"type-product","3":"status-publish","4":"has-post-thumbnail","6":"product_cat-accessories","7":"product_cat-tooling-clamp","8":"product_tag-amada-clamp","9":"product_tag-fast-clamp","10":"product_tag-tool-clamp","12":"first","13":"instock","14":"shipping-taxable","15":"purchasable","16":"product-type-simple"},"jetpack_sharing_enabled":true,"_links":{"self":[{"href":"https:\/\/tooling.harsle.com\/de\/wp-json\/wp\/v2\/product\/16854","targetHints":{"allow":["GET"]}}],"collection":[{"href":"https:\/\/tooling.harsle.com\/de\/wp-json\/wp\/v2\/product"}],"about":[{"href":"https:\/\/tooling.harsle.com\/de\/wp-json\/wp\/v2\/types\/product"}],"replies":[{"embeddable":true,"href":"https:\/\/tooling.harsle.com\/de\/wp-json\/wp\/v2\/comments?post=16854"}],"version-history":[{"count":0,"href":"https:\/\/tooling.harsle.com\/de\/wp-json\/wp\/v2\/product\/16854\/revisions"}],"wp:featuredmedia":[{"embeddable":true,"href":"https:\/\/tooling.harsle.com\/de\/wp-json\/wp\/v2\/media\/16851"}],"wp:attachment":[{"href":"https:\/\/tooling.harsle.com\/de\/wp-json\/wp\/v2\/media?parent=16854"}],"wp:term":[{"taxonomy":"product_brand","embeddable":true,"href":"https:\/\/tooling.harsle.com\/de\/wp-json\/wp\/v2\/product_brand?post=16854"},{"taxonomy":"product_cat","embeddable":true,"href":"https:\/\/tooling.harsle.com\/de\/wp-json\/wp\/v2\/product_cat?post=16854"},{"taxonomy":"product_tag","embeddable":true,"href":"https:\/\/tooling.harsle.com\/de\/wp-json\/wp\/v2\/product_tag?post=16854"}],"curies":[{"name":"wp","href":"https:\/\/api.w.org\/{rel}","templated":true}]}}