{"id":16825,"date":"2021-08-08T01:22:07","date_gmt":"2021-08-08T01:22:07","guid":{"rendered":"https:\/\/tooling.harsle.com\/?post_type=product&#038;p=16825"},"modified":"2024-10-03T15:15:26","modified_gmt":"2024-10-03T15:15:26","slug":"universal-bevel-protractor","status":"publish","type":"product","link":"https:\/\/tooling.harsle.com\/es\/producto\/universal-bevel-protractor\/","title":{"rendered":"Transportador de bisel universal"},"content":{"rendered":"<p>(1) Mida el \u00e1ngulo entre 0 \u00b0 y 50 \u00b0<br \/>\nLa parte de medici\u00f3n del producto se coloca entre la superficie de medici\u00f3n de la regla base y la regla para la medici\u00f3n.<br \/>\n(2) Mida el \u00e1ngulo entre 50 \u00b0 -140 \u00b0<br \/>\nEl cuadrado derecho se puede quitar, instalar en la regla para que est\u00e9 conectado con la placa de sector, la parte medida del trabajo se coloca entre la superficie de medici\u00f3n de la regla base y la regla, y el cuadrado derecho no se puede quitar, solo se quita la regla y la abrazadera, y luego se tira del cuadrado derecho hacia la parte inferior hasta la intersecci\u00f3n del lado corto y el lado largo del cuadrado derecho y el borde afilado de la regla base con su. La parte medida de la pieza de trabajo se coloca entre la superficie de medici\u00f3n de la regla base y el borde corto del cuadrado derecho para la medici\u00f3n.<br \/>\n(3) Mida el \u00e1ngulo entre 140 \u00b0 - 230 \u00b0<br \/>\nRetire la regla y la abrazadera e instale solo el cuadrado derecho, pero empuje el cuadrado derecho hacia arriba hasta que la intersecci\u00f3n de los lados corto y largo del cuadrado derecho est\u00e9 alineada con el borde afilado de la regla base. Coloque la parte medida del trabajo entre la superficie de medici\u00f3n de la regla base y el lado corto del cuadrado derecho para medir.<br \/>\n(4) Mida el \u00e1ngulo entre 230 \u00b0 y 320 \u00b0<br \/>\nRetire todos los cuadrados y abrazaderas de la derecha, dejando solo la placa del sector y la regla principal (con la regla de la base). Coloque la parte medida del producto entre la regla de la base y la superficie de medici\u00f3n de la placa de sector para medir.<\/p>\n<p><a href=\"https:\/\/tooling.harsle.com\/es\/product-category\/accessories\/protractor\/\"><img decoding=\"async\" class=\"wd-lazy-fade aligncenter wp-image-16822 size-full\" src=\"https:\/\/tooling.harsle.com\/wp-content\/themes\/woodmart\/images\/lazy.svg\" data-src=\"https:\/\/tooling.harsle.com\/wp-content\/uploads\/2021\/08\/PROTRACTORS-2-1.png\" alt=\"\" width=\"934\" height=\"998\" title=\"\" srcset=\"\" data-srcset=\"https:\/\/tooling.harsle.com\/wp-content\/uploads\/2021\/08\/PROTRACTORS-2-1.png 934w, https:\/\/tooling.harsle.com\/wp-content\/uploads\/2021\/08\/PROTRACTORS-2-1-600x641.png 600w, https:\/\/tooling.harsle.com\/wp-content\/uploads\/2021\/08\/PROTRACTORS-2-1-150x160.png 150w, https:\/\/tooling.harsle.com\/wp-content\/uploads\/2021\/08\/PROTRACTORS-2-1-281x300.png 281w, https:\/\/tooling.harsle.com\/wp-content\/uploads\/2021\/08\/PROTRACTORS-2-1-768x821.png 768w\" sizes=\"(max-width: 934px) 100vw, 934px\" \/><\/a><a href=\"https:\/\/tooling.harsle.com\/es\/product-category\/accessories\/protractor\/\"><img decoding=\"async\" class=\"wd-lazy-fade aligncenter wp-image-16823 size-full\" src=\"https:\/\/tooling.harsle.com\/wp-content\/themes\/woodmart\/images\/lazy.svg\" data-src=\"https:\/\/tooling.harsle.com\/wp-content\/uploads\/2021\/08\/Protractor-2.jpg\" alt=\"\" width=\"790\" height=\"926\" title=\"\" srcset=\"\" data-srcset=\"https:\/\/tooling.harsle.com\/wp-content\/uploads\/2021\/08\/Protractor-2.jpg 790w, https:\/\/tooling.harsle.com\/wp-content\/uploads\/2021\/08\/Protractor-2-600x703.jpg 600w, https:\/\/tooling.harsle.com\/wp-content\/uploads\/2021\/08\/Protractor-2-150x176.jpg 150w, https:\/\/tooling.harsle.com\/wp-content\/uploads\/2021\/08\/Protractor-2-256x300.jpg 256w, https:\/\/tooling.harsle.com\/wp-content\/uploads\/2021\/08\/Protractor-2-768x900.jpg 768w\" sizes=\"(max-width: 790px) 100vw, 790px\" \/><\/a><a href=\"https:\/\/tooling.harsle.com\/es\/product-category\/accessories\/protractor\/\"><img decoding=\"async\" class=\"wd-lazy-fade aligncenter wp-image-16824 size-full\" src=\"https:\/\/tooling.harsle.com\/wp-content\/themes\/woodmart\/images\/lazy.svg\" data-src=\"https:\/\/tooling.harsle.com\/wp-content\/uploads\/2021\/08\/Protractor-1.jpg\" alt=\"\" width=\"790\" height=\"1018\" title=\"\" srcset=\"\" data-srcset=\"https:\/\/tooling.harsle.com\/wp-content\/uploads\/2021\/08\/Protractor-1.jpg 790w, https:\/\/tooling.harsle.com\/wp-content\/uploads\/2021\/08\/Protractor-1-600x773.jpg 600w, https:\/\/tooling.harsle.com\/wp-content\/uploads\/2021\/08\/Protractor-1-150x193.jpg 150w, https:\/\/tooling.harsle.com\/wp-content\/uploads\/2021\/08\/Protractor-1-233x300.jpg 233w, https:\/\/tooling.harsle.com\/wp-content\/uploads\/2021\/08\/Protractor-1-768x990.jpg 768w\" sizes=\"(max-width: 790px) 100vw, 790px\" \/><\/a><\/p>","protected":false},"excerpt":{"rendered":"<p>(1) Measure the Angle between 0\u00b0 and 50\u00b0 The measuring part of the product is placed between the measuring surface<\/p>","protected":false},"featured_media":16821,"comment_status":"open","ping_status":"closed","template":"","meta":[],"product_brand":[],"product_cat":[1623,2091],"product_tag":[2088,2094,2093],"class_list":{"0":"post-16825","1":"product","2":"type-product","3":"status-publish","4":"has-post-thumbnail","6":"product_cat-accessories","7":"product_cat-protractor","8":"product_tag-angle-ruler","9":"product_tag-protractor","10":"product_tag-universal-bevel-protractor","12":"first","13":"instock","14":"shipping-taxable","15":"purchasable","16":"product-type-variable"},"jetpack_sharing_enabled":true,"_links":{"self":[{"href":"https:\/\/tooling.harsle.com\/es\/wp-json\/wp\/v2\/product\/16825","targetHints":{"allow":["GET"]}}],"collection":[{"href":"https:\/\/tooling.harsle.com\/es\/wp-json\/wp\/v2\/product"}],"about":[{"href":"https:\/\/tooling.harsle.com\/es\/wp-json\/wp\/v2\/types\/product"}],"replies":[{"embeddable":true,"href":"https:\/\/tooling.harsle.com\/es\/wp-json\/wp\/v2\/comments?post=16825"}],"version-history":[{"count":0,"href":"https:\/\/tooling.harsle.com\/es\/wp-json\/wp\/v2\/product\/16825\/revisions"}],"wp:featuredmedia":[{"embeddable":true,"href":"https:\/\/tooling.harsle.com\/es\/wp-json\/wp\/v2\/media\/16821"}],"wp:attachment":[{"href":"https:\/\/tooling.harsle.com\/es\/wp-json\/wp\/v2\/media?parent=16825"}],"wp:term":[{"taxonomy":"product_brand","embeddable":true,"href":"https:\/\/tooling.harsle.com\/es\/wp-json\/wp\/v2\/product_brand?post=16825"},{"taxonomy":"product_cat","embeddable":true,"href":"https:\/\/tooling.harsle.com\/es\/wp-json\/wp\/v2\/product_cat?post=16825"},{"taxonomy":"product_tag","embeddable":true,"href":"https:\/\/tooling.harsle.com\/es\/wp-json\/wp\/v2\/product_tag?post=16825"}],"curies":[{"name":"wp","href":"https:\/\/api.w.org\/{rel}","templated":true}]}}