{"id":16854,"date":"2021-08-08T06:13:05","date_gmt":"2021-08-08T06:13:05","guid":{"rendered":"https:\/\/tooling.harsle.com\/?post_type=product&#038;p=16854"},"modified":"2024-10-03T15:15:25","modified_gmt":"2024-10-03T15:15:25","slug":"amada-type-double-side-fast-tool-clamp","status":"publish","type":"product","link":"https:\/\/tooling.harsle.com\/es\/producto\/amada-type-double-side-fast-tool-clamp\/","title":{"rendered":"Abrazadera de herramienta r\u00e1pida de doble cara tipo Amada"},"content":{"rendered":"<ul>\n<li>Los punzones seccionales peque\u00f1os (4\u02dd y m\u00e1s peque\u00f1os) se pueden colocar y extraer desde la parte delantera del soporte<\/li>\n<li>Los punzones se pueden montar r\u00e1pidamente utilizando placas de sujeci\u00f3n delanteras o traseras, que es una caracter\u00edstica est\u00e1ndar. Las piezas que requieren alivio del punz\u00f3n debido a la interferencia se pueden acomodar montando el punz\u00f3n en cualquiera de los lados de la abrazadera tipo Amada. El punz\u00f3n permanece centrado ya sea que est\u00e9 montado en la parte delantera o trasera del soporte.<\/li>\n<li>No se requieren herramientas para apretar el punz\u00f3n, simplemente girando la palanca bloquea los punzones en el soporte<\/li>\n<li>La cu\u00f1a de ajuste interna permite un posicionamiento del portapunz\u00f3n sin espacios<\/li>\n<li>La abrazadera tipo Amada funciona en todos los frenos existentes y ofrece una f\u00e1cil actualizaci\u00f3n<\/li>\n<li>Garantiza el apriete adecuado de la herramienta en todo momento<img decoding=\"async\" class=\"wd-lazy-fade aligncenter size-full wp-image-16858\" src=\"https:\/\/tooling.harsle.com\/wp-content\/themes\/woodmart\/images\/lazy.svg\" data-src=\"https:\/\/tooling.harsle.com\/wp-content\/uploads\/2021\/08\/amada-fast-tool-clamp.png\" alt=\"\" width=\"1351\" height=\"1043\" title=\"\" srcset=\"\" data-srcset=\"https:\/\/tooling.harsle.com\/wp-content\/uploads\/2021\/08\/amada-fast-tool-clamp.png 1351w, https:\/\/tooling.harsle.com\/wp-content\/uploads\/2021\/08\/amada-fast-tool-clamp-600x463.png 600w, https:\/\/tooling.harsle.com\/wp-content\/uploads\/2021\/08\/amada-fast-tool-clamp-150x116.png 150w, https:\/\/tooling.harsle.com\/wp-content\/uploads\/2021\/08\/amada-fast-tool-clamp-1200x926.png 1200w, https:\/\/tooling.harsle.com\/wp-content\/uploads\/2021\/08\/amada-fast-tool-clamp-300x232.png 300w, https:\/\/tooling.harsle.com\/wp-content\/uploads\/2021\/08\/amada-fast-tool-clamp-1024x791.png 1024w, https:\/\/tooling.harsle.com\/wp-content\/uploads\/2021\/08\/amada-fast-tool-clamp-768x593.png 768w\" sizes=\"(max-width: 1351px) 100vw, 1351px\" \/><\/li>\n<\/ul>","protected":false},"excerpt":{"rendered":"<p>Los punzones seccionados peque\u00f1os (4\u02dd y m\u00e1s peque\u00f1os) se pueden insertar y extraer desde la parte delantera del soporte. Los punzones se pueden<\/p>","protected":false},"featured_media":16851,"comment_status":"open","ping_status":"closed","template":"","meta":[],"product_brand":[],"product_cat":[1623,1622],"product_tag":[2100,2099,2098],"class_list":{"0":"post-16854","1":"product","2":"type-product","3":"status-publish","4":"has-post-thumbnail","6":"product_cat-accessories","7":"product_cat-tooling-clamp","8":"product_tag-amada-clamp","9":"product_tag-fast-clamp","10":"product_tag-tool-clamp","12":"first","13":"instock","14":"shipping-taxable","15":"purchasable","16":"product-type-simple"},"jetpack_sharing_enabled":true,"_links":{"self":[{"href":"https:\/\/tooling.harsle.com\/es\/wp-json\/wp\/v2\/product\/16854","targetHints":{"allow":["GET"]}}],"collection":[{"href":"https:\/\/tooling.harsle.com\/es\/wp-json\/wp\/v2\/product"}],"about":[{"href":"https:\/\/tooling.harsle.com\/es\/wp-json\/wp\/v2\/types\/product"}],"replies":[{"embeddable":true,"href":"https:\/\/tooling.harsle.com\/es\/wp-json\/wp\/v2\/comments?post=16854"}],"version-history":[{"count":0,"href":"https:\/\/tooling.harsle.com\/es\/wp-json\/wp\/v2\/product\/16854\/revisions"}],"wp:featuredmedia":[{"embeddable":true,"href":"https:\/\/tooling.harsle.com\/es\/wp-json\/wp\/v2\/media\/16851"}],"wp:attachment":[{"href":"https:\/\/tooling.harsle.com\/es\/wp-json\/wp\/v2\/media?parent=16854"}],"wp:term":[{"taxonomy":"product_brand","embeddable":true,"href":"https:\/\/tooling.harsle.com\/es\/wp-json\/wp\/v2\/product_brand?post=16854"},{"taxonomy":"product_cat","embeddable":true,"href":"https:\/\/tooling.harsle.com\/es\/wp-json\/wp\/v2\/product_cat?post=16854"},{"taxonomy":"product_tag","embeddable":true,"href":"https:\/\/tooling.harsle.com\/es\/wp-json\/wp\/v2\/product_tag?post=16854"}],"curies":[{"name":"wp","href":"https:\/\/api.w.org\/{rel}","templated":true}]}}