{"id":16825,"date":"2021-08-08T01:22:07","date_gmt":"2021-08-08T01:22:07","guid":{"rendered":"https:\/\/tooling.harsle.com\/?post_type=product&#038;p=16825"},"modified":"2024-10-03T15:15:26","modified_gmt":"2024-10-03T15:15:26","slug":"universal-bevel-protractor","status":"publish","type":"product","link":"https:\/\/tooling.harsle.com\/fr\/produit\/universal-bevel-protractor\/","title":{"rendered":"Rapporteur de biseau universel"},"content":{"rendered":"<p>(1) Mesurer l&#039;angle entre 0\u00b0 et 50\u00b0<br \/>\nLa partie de mesure du produit est plac\u00e9e entre la surface de mesure de la r\u00e8gle de base et la r\u00e8gle de mesure.<br \/>\n(2) mesurer l&#039;angle entre 50\u00b0-140\u00b0<br \/>\nLe carr\u00e9 droit peut \u00eatre retir\u00e9, install\u00e9 sur la r\u00e8gle de mani\u00e8re \u00e0 ce qu&#039;il soit connect\u00e9 \u00e0 la plaque sectorielle, la partie mesur\u00e9e du travail est plac\u00e9e entre la surface de mesure de la r\u00e8gle de base et la r\u00e8gle, et le carr\u00e9 droit ne peut pas \u00eatre retir\u00e9, seule la r\u00e8gle et la pince sont retir\u00e9es, puis le carr\u00e9 droit est tir\u00e9 vers le bas jusqu&#039;\u00e0 l&#039;intersection du c\u00f4t\u00e9 court et du c\u00f4t\u00e9 long du carr\u00e9 droit et du bord tranchant de la r\u00e8gle de base \u00e0 son. La partie mesur\u00e9e de la pi\u00e8ce est plac\u00e9e entre la surface de mesure de la r\u00e8gle de base et le bord court de l&#039;\u00e9querre droite pour la mesure.<br \/>\n(3) Mesurez l&#039;angle entre 140\u00b0 et 230\u00b0<br \/>\nRetirez la r\u00e8gle et la pince et installez uniquement l&#039;\u00e9querre droite, mais poussez l&#039;\u00e9querre droite vers le haut jusqu&#039;\u00e0 ce que l&#039;intersection des c\u00f4t\u00e9s court et long de l&#039;\u00e9querre droite soit align\u00e9e avec le bord tranchant de la r\u00e8gle de base. Placez la partie mesur\u00e9e du travail entre la surface de mesure de la r\u00e8gle de base et le petit c\u00f4t\u00e9 de l&#039;\u00e9querre droite pour la mesure.<br \/>\n(4) mesurer l&#039;angle entre 230\u00b0 et 320\u00b0<br \/>\nRetirez tous les bons carr\u00e9s et pinces, ne laissant que la plaque sectorielle et la r\u00e8gle principale (avec la r\u00e8gle de base). Placez la partie mesur\u00e9e du produit entre la r\u00e8gle de base et la surface de mesure de la plaque sectorielle pour la mesure.<\/p>\n<p><a href=\"https:\/\/tooling.harsle.com\/fr\/product-category\/accessories\/protractor\/\"><img decoding=\"async\" class=\"wd-lazy-fade aligncenter wp-image-16822 size-full\" src=\"https:\/\/tooling.harsle.com\/wp-content\/themes\/woodmart\/images\/lazy.svg\" data-src=\"https:\/\/tooling.harsle.com\/wp-content\/uploads\/2021\/08\/PROTRACTORS-2-1.png\" alt=\"\" width=\"934\" height=\"998\" title=\"\" srcset=\"\" data-srcset=\"https:\/\/tooling.harsle.com\/wp-content\/uploads\/2021\/08\/PROTRACTORS-2-1.png 934w, https:\/\/tooling.harsle.com\/wp-content\/uploads\/2021\/08\/PROTRACTORS-2-1-600x641.png 600w, https:\/\/tooling.harsle.com\/wp-content\/uploads\/2021\/08\/PROTRACTORS-2-1-150x160.png 150w, https:\/\/tooling.harsle.com\/wp-content\/uploads\/2021\/08\/PROTRACTORS-2-1-281x300.png 281w, https:\/\/tooling.harsle.com\/wp-content\/uploads\/2021\/08\/PROTRACTORS-2-1-768x821.png 768w\" sizes=\"(max-width: 934px) 100vw, 934px\" \/><\/a><a href=\"https:\/\/tooling.harsle.com\/fr\/product-category\/accessories\/protractor\/\"><img decoding=\"async\" class=\"wd-lazy-fade aligncenter wp-image-16823 size-full\" src=\"https:\/\/tooling.harsle.com\/wp-content\/themes\/woodmart\/images\/lazy.svg\" data-src=\"https:\/\/tooling.harsle.com\/wp-content\/uploads\/2021\/08\/Protractor-2.jpg\" alt=\"\" width=\"790\" height=\"926\" title=\"\" srcset=\"\" data-srcset=\"https:\/\/tooling.harsle.com\/wp-content\/uploads\/2021\/08\/Protractor-2.jpg 790w, https:\/\/tooling.harsle.com\/wp-content\/uploads\/2021\/08\/Protractor-2-600x703.jpg 600w, https:\/\/tooling.harsle.com\/wp-content\/uploads\/2021\/08\/Protractor-2-150x176.jpg 150w, https:\/\/tooling.harsle.com\/wp-content\/uploads\/2021\/08\/Protractor-2-256x300.jpg 256w, https:\/\/tooling.harsle.com\/wp-content\/uploads\/2021\/08\/Protractor-2-768x900.jpg 768w\" sizes=\"(max-width: 790px) 100vw, 790px\" \/><\/a><a href=\"https:\/\/tooling.harsle.com\/fr\/product-category\/accessories\/protractor\/\"><img decoding=\"async\" class=\"wd-lazy-fade aligncenter wp-image-16824 size-full\" src=\"https:\/\/tooling.harsle.com\/wp-content\/themes\/woodmart\/images\/lazy.svg\" data-src=\"https:\/\/tooling.harsle.com\/wp-content\/uploads\/2021\/08\/Protractor-1.jpg\" alt=\"\" width=\"790\" height=\"1018\" title=\"\" srcset=\"\" data-srcset=\"https:\/\/tooling.harsle.com\/wp-content\/uploads\/2021\/08\/Protractor-1.jpg 790w, https:\/\/tooling.harsle.com\/wp-content\/uploads\/2021\/08\/Protractor-1-600x773.jpg 600w, https:\/\/tooling.harsle.com\/wp-content\/uploads\/2021\/08\/Protractor-1-150x193.jpg 150w, https:\/\/tooling.harsle.com\/wp-content\/uploads\/2021\/08\/Protractor-1-233x300.jpg 233w, https:\/\/tooling.harsle.com\/wp-content\/uploads\/2021\/08\/Protractor-1-768x990.jpg 768w\" sizes=\"(max-width: 790px) 100vw, 790px\" \/><\/a><\/p>","protected":false},"excerpt":{"rendered":"<p>(1) Mesurer l&#039;angle entre 0\u00b0 et 50\u00b0 La partie de mesure du produit est plac\u00e9e entre la surface de mesure<\/p>","protected":false},"featured_media":16821,"comment_status":"open","ping_status":"closed","template":"","meta":[],"product_brand":[],"product_cat":[1623,2091],"product_tag":[2088,2094,2093],"class_list":{"0":"post-16825","1":"product","2":"type-product","3":"status-publish","4":"has-post-thumbnail","6":"product_cat-accessories","7":"product_cat-protractor","8":"product_tag-angle-ruler","9":"product_tag-protractor","10":"product_tag-universal-bevel-protractor","12":"first","13":"instock","14":"shipping-taxable","15":"purchasable","16":"product-type-variable"},"jetpack_sharing_enabled":true,"_links":{"self":[{"href":"https:\/\/tooling.harsle.com\/fr\/wp-json\/wp\/v2\/product\/16825","targetHints":{"allow":["GET"]}}],"collection":[{"href":"https:\/\/tooling.harsle.com\/fr\/wp-json\/wp\/v2\/product"}],"about":[{"href":"https:\/\/tooling.harsle.com\/fr\/wp-json\/wp\/v2\/types\/product"}],"replies":[{"embeddable":true,"href":"https:\/\/tooling.harsle.com\/fr\/wp-json\/wp\/v2\/comments?post=16825"}],"version-history":[{"count":0,"href":"https:\/\/tooling.harsle.com\/fr\/wp-json\/wp\/v2\/product\/16825\/revisions"}],"wp:featuredmedia":[{"embeddable":true,"href":"https:\/\/tooling.harsle.com\/fr\/wp-json\/wp\/v2\/media\/16821"}],"wp:attachment":[{"href":"https:\/\/tooling.harsle.com\/fr\/wp-json\/wp\/v2\/media?parent=16825"}],"wp:term":[{"taxonomy":"product_brand","embeddable":true,"href":"https:\/\/tooling.harsle.com\/fr\/wp-json\/wp\/v2\/product_brand?post=16825"},{"taxonomy":"product_cat","embeddable":true,"href":"https:\/\/tooling.harsle.com\/fr\/wp-json\/wp\/v2\/product_cat?post=16825"},{"taxonomy":"product_tag","embeddable":true,"href":"https:\/\/tooling.harsle.com\/fr\/wp-json\/wp\/v2\/product_tag?post=16825"}],"curies":[{"name":"wp","href":"https:\/\/api.w.org\/{rel}","templated":true}]}}