{"id":16854,"date":"2021-08-08T06:13:05","date_gmt":"2021-08-08T06:13:05","guid":{"rendered":"https:\/\/tooling.harsle.com\/?post_type=product&#038;p=16854"},"modified":"2024-10-03T15:15:25","modified_gmt":"2024-10-03T15:15:25","slug":"amada-type-double-side-fast-tool-clamp","status":"publish","type":"product","link":"https:\/\/tooling.harsle.com\/fr\/produit\/amada-type-double-side-fast-tool-clamp\/","title":{"rendered":"Pince \u00e0 outils rapide double face de type Amada"},"content":{"rendered":"<ul>\n<li>Les petits poin\u00e7ons sectionn\u00e9s (4\u02dd et moins) peuvent \u00eatre ins\u00e9r\u00e9s et retir\u00e9s par l&#039;avant du support<\/li>\n<li>Les poin\u00e7ons peuvent \u00eatre mont\u00e9s rapidement \u00e0 l&#039;aide de plaques de serrage avant ou arri\u00e8re, ce qui est une caract\u00e9ristique standard. Les pi\u00e8ces n\u00e9cessitant un d\u00e9gagement du poin\u00e7on en raison d&#039;interf\u00e9rences peuvent \u00eatre adapt\u00e9es en montant le poin\u00e7on de chaque c\u00f4t\u00e9 de la pince de type Amada. Le poin\u00e7on reste centr\u00e9 qu&#039;il soit mont\u00e9 \u00e0 l&#039;avant ou \u00e0 l&#039;arri\u00e8re du support.<\/li>\n<li>Aucun outil n&#039;est n\u00e9cessaire pour serrer le poin\u00e7on, il suffit de tourner le levier pour verrouiller les poin\u00e7ons dans le support<\/li>\n<li>La cale de r\u00e9glage interne permet un positionnement sans espace du porte-poin\u00e7on<\/li>\n<li>La pince de type Amada fonctionne sur tous les freins existants offrant une mise \u00e0 niveau facile<\/li>\n<li>Assure un bon serrage de l&#039;outil \u00e0 chaque fois<img decoding=\"async\" class=\"wd-lazy-fade aligncenter size-full wp-image-16858\" src=\"https:\/\/tooling.harsle.com\/wp-content\/themes\/woodmart\/images\/lazy.svg\" data-src=\"https:\/\/tooling.harsle.com\/wp-content\/uploads\/2021\/08\/amada-fast-tool-clamp.png\" alt=\"\" width=\"1351\" height=\"1043\" title=\"\" srcset=\"\" data-srcset=\"https:\/\/tooling.harsle.com\/wp-content\/uploads\/2021\/08\/amada-fast-tool-clamp.png 1351w, https:\/\/tooling.harsle.com\/wp-content\/uploads\/2021\/08\/amada-fast-tool-clamp-600x463.png 600w, https:\/\/tooling.harsle.com\/wp-content\/uploads\/2021\/08\/amada-fast-tool-clamp-150x116.png 150w, https:\/\/tooling.harsle.com\/wp-content\/uploads\/2021\/08\/amada-fast-tool-clamp-1200x926.png 1200w, https:\/\/tooling.harsle.com\/wp-content\/uploads\/2021\/08\/amada-fast-tool-clamp-300x232.png 300w, https:\/\/tooling.harsle.com\/wp-content\/uploads\/2021\/08\/amada-fast-tool-clamp-1024x791.png 1024w, https:\/\/tooling.harsle.com\/wp-content\/uploads\/2021\/08\/amada-fast-tool-clamp-768x593.png 768w\" sizes=\"(max-width: 1351px) 100vw, 1351px\" \/><\/li>\n<\/ul>","protected":false},"excerpt":{"rendered":"<p>Les petits poin\u00e7ons sectionn\u00e9s (4\u02dd et moins) peuvent \u00eatre ins\u00e9r\u00e9s et retir\u00e9s par l&#039;avant du support Les poin\u00e7ons peuvent<\/p>","protected":false},"featured_media":16851,"comment_status":"open","ping_status":"closed","template":"","meta":[],"product_brand":[],"product_cat":[1623,1622],"product_tag":[2100,2099,2098],"class_list":{"0":"post-16854","1":"product","2":"type-product","3":"status-publish","4":"has-post-thumbnail","6":"product_cat-accessories","7":"product_cat-tooling-clamp","8":"product_tag-amada-clamp","9":"product_tag-fast-clamp","10":"product_tag-tool-clamp","12":"first","13":"instock","14":"shipping-taxable","15":"purchasable","16":"product-type-simple"},"jetpack_sharing_enabled":true,"_links":{"self":[{"href":"https:\/\/tooling.harsle.com\/fr\/wp-json\/wp\/v2\/product\/16854","targetHints":{"allow":["GET"]}}],"collection":[{"href":"https:\/\/tooling.harsle.com\/fr\/wp-json\/wp\/v2\/product"}],"about":[{"href":"https:\/\/tooling.harsle.com\/fr\/wp-json\/wp\/v2\/types\/product"}],"replies":[{"embeddable":true,"href":"https:\/\/tooling.harsle.com\/fr\/wp-json\/wp\/v2\/comments?post=16854"}],"version-history":[{"count":0,"href":"https:\/\/tooling.harsle.com\/fr\/wp-json\/wp\/v2\/product\/16854\/revisions"}],"wp:featuredmedia":[{"embeddable":true,"href":"https:\/\/tooling.harsle.com\/fr\/wp-json\/wp\/v2\/media\/16851"}],"wp:attachment":[{"href":"https:\/\/tooling.harsle.com\/fr\/wp-json\/wp\/v2\/media?parent=16854"}],"wp:term":[{"taxonomy":"product_brand","embeddable":true,"href":"https:\/\/tooling.harsle.com\/fr\/wp-json\/wp\/v2\/product_brand?post=16854"},{"taxonomy":"product_cat","embeddable":true,"href":"https:\/\/tooling.harsle.com\/fr\/wp-json\/wp\/v2\/product_cat?post=16854"},{"taxonomy":"product_tag","embeddable":true,"href":"https:\/\/tooling.harsle.com\/fr\/wp-json\/wp\/v2\/product_tag?post=16854"}],"curies":[{"name":"wp","href":"https:\/\/api.w.org\/{rel}","templated":true}]}}