{"id":16825,"date":"2021-08-08T01:22:07","date_gmt":"2021-08-08T01:22:07","guid":{"rendered":"https:\/\/tooling.harsle.com\/?post_type=product&#038;p=16825"},"modified":"2024-10-03T15:15:26","modified_gmt":"2024-10-03T15:15:26","slug":"universal-bevel-protractor","status":"publish","type":"product","link":"https:\/\/tooling.harsle.com\/pl\/produkt\/universal-bevel-protractor\/","title":{"rendered":"K\u0105tomierz uniwersalny"},"content":{"rendered":"<p>(1) Zmierz k\u0105t mi\u0119dzy 0\u00b0 a 50\u00b0<br \/>\nCz\u0119\u015b\u0107 pomiarow\u0105 produktu umieszcza si\u0119 pomi\u0119dzy powierzchni\u0105 pomiarow\u0105 linijki podstawowej a linijk\u0105 do pomiaru.<br \/>\n(2) zmierz k\u0105t mi\u0119dzy 50 \u00b0 - 140 \u00b0<br \/>\nKwadrat prawy mo\u017cna zdj\u0105\u0107, zamontowa\u0107 na linijce tak, aby by\u0142 po\u0142\u0105czony z p\u0142yt\u0105 sektorow\u0105, odmierzon\u0105 cz\u0119\u015b\u0107 pracy umie\u015bci\u0107 pomi\u0119dzy powierzchni\u0105 pomiarow\u0105 linijki bazowej a linijk\u0105, a kwadratu prawego nie mo\u017cna usun\u0105\u0107, usuwa si\u0119 tylko linijk\u0119 i zacisk, a nast\u0119pnie prawy kwadrat ci\u0105gnie si\u0119 do do\u0142u, a\u017c przeci\u0119cie kr\u00f3tkiego boku i d\u0142u\u017cszego boku prawego kwadratu i ostrej kraw\u0119dzi podstawy linijki do niego. Mierzona cz\u0119\u015b\u0107 przedmiotu jest umieszczana pomi\u0119dzy powierzchni\u0105 pomiarow\u0105 linijki bazowej a kr\u00f3tk\u0105 kraw\u0119dzi\u0105 prawego kwadratu do pomiaru.<br \/>\n(3) Zmierz k\u0105t mi\u0119dzy 140 \u00b0 \u2013 230 \u00b0<br \/>\nUsu\u0144 linijk\u0119 i zacisk i zainstaluj tylko prawy kwadrat, ale popchnij prawy kwadrat w g\u00f3r\u0119, a\u017c przeci\u0119cie kr\u00f3tkiego i d\u0142ugiego boku prawego kwadratu zostanie wyr\u00f3wnane z ostr\u0105 kraw\u0119dzi\u0105 linijki podstawowej. Odmierzon\u0105 cz\u0119\u015b\u0107 pracy umie\u015bci\u0107 pomi\u0119dzy powierzchni\u0105 pomiarow\u0105 linijki bazowej a kr\u00f3tkim bokiem prawego kwadratu do pomiaru.<br \/>\n(4) zmierz k\u0105t mi\u0119dzy 230 \u00b0 a 320 \u00b0<br \/>\nUsu\u0144 wszystkie prawe kwadraty i zaciski, pozostawiaj\u0105c tylko p\u0142ytk\u0119 sektorow\u0105 i g\u0142\u00f3wn\u0105 linijk\u0119 (z linijk\u0105 podstawow\u0105). Umie\u015bci\u0107 mierzon\u0105 cz\u0119\u015b\u0107 produktu pomi\u0119dzy linijk\u0105 bazow\u0105 a powierzchni\u0105 pomiarow\u0105 p\u0142ytki sektorowej do pomiaru.<\/p>\n<p><a href=\"https:\/\/tooling.harsle.com\/pl\/product-category\/accessories\/protractor\/\"><img decoding=\"async\" class=\"wd-lazy-fade aligncenter wp-image-16822 size-full\" src=\"https:\/\/tooling.harsle.com\/wp-content\/themes\/woodmart\/images\/lazy.svg\" data-src=\"https:\/\/tooling.harsle.com\/wp-content\/uploads\/2021\/08\/PROTRACTORS-2-1.png\" alt=\"\" width=\"934\" height=\"998\" title=\"\" srcset=\"\" data-srcset=\"https:\/\/tooling.harsle.com\/wp-content\/uploads\/2021\/08\/PROTRACTORS-2-1.png 934w, https:\/\/tooling.harsle.com\/wp-content\/uploads\/2021\/08\/PROTRACTORS-2-1-600x641.png 600w, https:\/\/tooling.harsle.com\/wp-content\/uploads\/2021\/08\/PROTRACTORS-2-1-150x160.png 150w, https:\/\/tooling.harsle.com\/wp-content\/uploads\/2021\/08\/PROTRACTORS-2-1-281x300.png 281w, https:\/\/tooling.harsle.com\/wp-content\/uploads\/2021\/08\/PROTRACTORS-2-1-768x821.png 768w\" sizes=\"(max-width: 934px) 100vw, 934px\" \/><\/a><a href=\"https:\/\/tooling.harsle.com\/pl\/product-category\/accessories\/protractor\/\"><img decoding=\"async\" class=\"wd-lazy-fade aligncenter wp-image-16823 size-full\" src=\"https:\/\/tooling.harsle.com\/wp-content\/themes\/woodmart\/images\/lazy.svg\" data-src=\"https:\/\/tooling.harsle.com\/wp-content\/uploads\/2021\/08\/Protractor-2.jpg\" alt=\"\" width=\"790\" height=\"926\" title=\"\" srcset=\"\" data-srcset=\"https:\/\/tooling.harsle.com\/wp-content\/uploads\/2021\/08\/Protractor-2.jpg 790w, https:\/\/tooling.harsle.com\/wp-content\/uploads\/2021\/08\/Protractor-2-600x703.jpg 600w, https:\/\/tooling.harsle.com\/wp-content\/uploads\/2021\/08\/Protractor-2-150x176.jpg 150w, https:\/\/tooling.harsle.com\/wp-content\/uploads\/2021\/08\/Protractor-2-256x300.jpg 256w, https:\/\/tooling.harsle.com\/wp-content\/uploads\/2021\/08\/Protractor-2-768x900.jpg 768w\" sizes=\"(max-width: 790px) 100vw, 790px\" \/><\/a><a href=\"https:\/\/tooling.harsle.com\/pl\/product-category\/accessories\/protractor\/\"><img decoding=\"async\" class=\"wd-lazy-fade aligncenter wp-image-16824 size-full\" src=\"https:\/\/tooling.harsle.com\/wp-content\/themes\/woodmart\/images\/lazy.svg\" data-src=\"https:\/\/tooling.harsle.com\/wp-content\/uploads\/2021\/08\/Protractor-1.jpg\" alt=\"\" width=\"790\" height=\"1018\" title=\"\" srcset=\"\" data-srcset=\"https:\/\/tooling.harsle.com\/wp-content\/uploads\/2021\/08\/Protractor-1.jpg 790w, https:\/\/tooling.harsle.com\/wp-content\/uploads\/2021\/08\/Protractor-1-600x773.jpg 600w, https:\/\/tooling.harsle.com\/wp-content\/uploads\/2021\/08\/Protractor-1-150x193.jpg 150w, https:\/\/tooling.harsle.com\/wp-content\/uploads\/2021\/08\/Protractor-1-233x300.jpg 233w, https:\/\/tooling.harsle.com\/wp-content\/uploads\/2021\/08\/Protractor-1-768x990.jpg 768w\" sizes=\"(max-width: 790px) 100vw, 790px\" \/><\/a><\/p>","protected":false},"excerpt":{"rendered":"<p>(1) Zmierz k\u0105t mi\u0119dzy 0\u00b0 a 50\u00b0 Cz\u0119\u015b\u0107 pomiarowa produktu jest umieszczona mi\u0119dzy powierzchni\u0105 pomiarow\u0105<\/p>","protected":false},"featured_media":16821,"comment_status":"open","ping_status":"closed","template":"","meta":[],"product_brand":[],"product_cat":[1623,2091],"product_tag":[2088,2094,2093],"class_list":{"0":"post-16825","1":"product","2":"type-product","3":"status-publish","4":"has-post-thumbnail","6":"product_cat-accessories","7":"product_cat-protractor","8":"product_tag-angle-ruler","9":"product_tag-protractor","10":"product_tag-universal-bevel-protractor","12":"first","13":"instock","14":"shipping-taxable","15":"purchasable","16":"product-type-variable"},"jetpack_sharing_enabled":true,"_links":{"self":[{"href":"https:\/\/tooling.harsle.com\/pl\/wp-json\/wp\/v2\/product\/16825","targetHints":{"allow":["GET"]}}],"collection":[{"href":"https:\/\/tooling.harsle.com\/pl\/wp-json\/wp\/v2\/product"}],"about":[{"href":"https:\/\/tooling.harsle.com\/pl\/wp-json\/wp\/v2\/types\/product"}],"replies":[{"embeddable":true,"href":"https:\/\/tooling.harsle.com\/pl\/wp-json\/wp\/v2\/comments?post=16825"}],"version-history":[{"count":0,"href":"https:\/\/tooling.harsle.com\/pl\/wp-json\/wp\/v2\/product\/16825\/revisions"}],"wp:featuredmedia":[{"embeddable":true,"href":"https:\/\/tooling.harsle.com\/pl\/wp-json\/wp\/v2\/media\/16821"}],"wp:attachment":[{"href":"https:\/\/tooling.harsle.com\/pl\/wp-json\/wp\/v2\/media?parent=16825"}],"wp:term":[{"taxonomy":"product_brand","embeddable":true,"href":"https:\/\/tooling.harsle.com\/pl\/wp-json\/wp\/v2\/product_brand?post=16825"},{"taxonomy":"product_cat","embeddable":true,"href":"https:\/\/tooling.harsle.com\/pl\/wp-json\/wp\/v2\/product_cat?post=16825"},{"taxonomy":"product_tag","embeddable":true,"href":"https:\/\/tooling.harsle.com\/pl\/wp-json\/wp\/v2\/product_tag?post=16825"}],"curies":[{"name":"wp","href":"https:\/\/api.w.org\/{rel}","templated":true}]}}