{"id":16854,"date":"2021-08-08T06:13:05","date_gmt":"2021-08-08T06:13:05","guid":{"rendered":"https:\/\/tooling.harsle.com\/?post_type=product&#038;p=16854"},"modified":"2024-10-03T15:15:25","modified_gmt":"2024-10-03T15:15:25","slug":"amada-type-double-side-fast-tool-clamp","status":"publish","type":"product","link":"https:\/\/tooling.harsle.com\/pl\/produkt\/amada-type-double-side-fast-tool-clamp\/","title":{"rendered":"Dwustronny zacisk narz\u0119dziowy typu Amada"},"content":{"rendered":"<ul>\n<li>Ma\u0142e stemple podzielone na sekcje (4\u02dd i mniejsze) mo\u017cna zatrzaskiwa\u0107 i wyjmowa\u0107 z przodu uchwytu<\/li>\n<li>Stemple mo\u017cna szybko montowa\u0107 za pomoc\u0105 przednich lub tylnych p\u0142yt zaciskowych, co jest standardow\u0105 funkcj\u0105. Cz\u0119\u015bci wymagaj\u0105ce odci\u0105\u017cenia stempla z powodu kolizji mo\u017cna dostosowa\u0107, montuj\u0105c stempel po obu stronach zacisku typu Amada. Stempel pozostaje wy\u015brodkowany, niezale\u017cnie od tego, czy jest zamontowany z przodu, czy z ty\u0142u uchwytu.<\/li>\n<li>Do dokr\u0119cenia stempla nie s\u0105 potrzebne \u017cadne narz\u0119dzia, wystarczy obr\u00f3ci\u0107 d\u017awigni\u0119, aby zablokowa\u0107 stempel w uchwycie<\/li>\n<li>Wewn\u0119trzny klin regulacyjny umo\u017cliwia bezprzerwowe pozycjonowanie uchwytu stempla<\/li>\n<li>Zacisk typu Amada dzia\u0142a na wszystkich istniej\u0105cych hamulcach, oferuj\u0105c \u0142atw\u0105 modernizacj\u0119<\/li>\n<li>Zapewnia w\u0142a\u015bciwe dokr\u0119canie narz\u0119dzia za ka\u017cdym razem<img decoding=\"async\" class=\"wd-lazy-fade aligncenter size-full wp-image-16858\" src=\"https:\/\/tooling.harsle.com\/wp-content\/themes\/woodmart\/images\/lazy.svg\" data-src=\"https:\/\/tooling.harsle.com\/wp-content\/uploads\/2021\/08\/amada-fast-tool-clamp.png\" alt=\"\" width=\"1351\" height=\"1043\" title=\"\" srcset=\"\" data-srcset=\"https:\/\/tooling.harsle.com\/wp-content\/uploads\/2021\/08\/amada-fast-tool-clamp.png 1351w, https:\/\/tooling.harsle.com\/wp-content\/uploads\/2021\/08\/amada-fast-tool-clamp-600x463.png 600w, https:\/\/tooling.harsle.com\/wp-content\/uploads\/2021\/08\/amada-fast-tool-clamp-150x116.png 150w, https:\/\/tooling.harsle.com\/wp-content\/uploads\/2021\/08\/amada-fast-tool-clamp-1200x926.png 1200w, https:\/\/tooling.harsle.com\/wp-content\/uploads\/2021\/08\/amada-fast-tool-clamp-300x232.png 300w, https:\/\/tooling.harsle.com\/wp-content\/uploads\/2021\/08\/amada-fast-tool-clamp-1024x791.png 1024w, https:\/\/tooling.harsle.com\/wp-content\/uploads\/2021\/08\/amada-fast-tool-clamp-768x593.png 768w\" sizes=\"(max-width: 1351px) 100vw, 1351px\" \/><\/li>\n<\/ul>","protected":false},"excerpt":{"rendered":"<p>Ma\u0142e stemple podzielone na sekcje (4 cale i mniejsze) mo\u017cna zatrzaskiwa\u0107 i wyjmowa\u0107 z przodu uchwytu<\/p>","protected":false},"featured_media":16851,"comment_status":"open","ping_status":"closed","template":"","meta":[],"product_brand":[],"product_cat":[1623,1622],"product_tag":[2100,2099,2098],"class_list":{"0":"post-16854","1":"product","2":"type-product","3":"status-publish","4":"has-post-thumbnail","6":"product_cat-accessories","7":"product_cat-tooling-clamp","8":"product_tag-amada-clamp","9":"product_tag-fast-clamp","10":"product_tag-tool-clamp","12":"first","13":"instock","14":"shipping-taxable","15":"purchasable","16":"product-type-simple"},"jetpack_sharing_enabled":true,"_links":{"self":[{"href":"https:\/\/tooling.harsle.com\/pl\/wp-json\/wp\/v2\/product\/16854","targetHints":{"allow":["GET"]}}],"collection":[{"href":"https:\/\/tooling.harsle.com\/pl\/wp-json\/wp\/v2\/product"}],"about":[{"href":"https:\/\/tooling.harsle.com\/pl\/wp-json\/wp\/v2\/types\/product"}],"replies":[{"embeddable":true,"href":"https:\/\/tooling.harsle.com\/pl\/wp-json\/wp\/v2\/comments?post=16854"}],"version-history":[{"count":0,"href":"https:\/\/tooling.harsle.com\/pl\/wp-json\/wp\/v2\/product\/16854\/revisions"}],"wp:featuredmedia":[{"embeddable":true,"href":"https:\/\/tooling.harsle.com\/pl\/wp-json\/wp\/v2\/media\/16851"}],"wp:attachment":[{"href":"https:\/\/tooling.harsle.com\/pl\/wp-json\/wp\/v2\/media?parent=16854"}],"wp:term":[{"taxonomy":"product_brand","embeddable":true,"href":"https:\/\/tooling.harsle.com\/pl\/wp-json\/wp\/v2\/product_brand?post=16854"},{"taxonomy":"product_cat","embeddable":true,"href":"https:\/\/tooling.harsle.com\/pl\/wp-json\/wp\/v2\/product_cat?post=16854"},{"taxonomy":"product_tag","embeddable":true,"href":"https:\/\/tooling.harsle.com\/pl\/wp-json\/wp\/v2\/product_tag?post=16854"}],"curies":[{"name":"wp","href":"https:\/\/api.w.org\/{rel}","templated":true}]}}