{"id":17376,"date":"2021-11-19T03:47:55","date_gmt":"2021-11-19T03:47:55","guid":{"rendered":"https:\/\/tooling.harsle.com\/?post_type=product&#038;p=17376"},"modified":"2024-10-03T15:15:25","modified_gmt":"2024-10-03T15:15:25","slug":"magnetic-squaring-arm","status":"publish","type":"product","link":"https:\/\/tooling.harsle.com\/pl\/produkt\/magnetic-squaring-arm\/","title":{"rendered":"Magnetyczne rami\u0119 kwadratowe"},"content":{"rendered":"<p>Magnetyczne rami\u0119 kwadratowe do gi\u0119cia uko\u015bnego na prasie kraw\u0119dziowej<\/p>","protected":false},"excerpt":{"rendered":"<p>Magnetyczne rami\u0119 kwadratowe do gi\u0119cia uko\u015bnego na prasie kraw\u0119dziowej<\/p>","protected":false},"featured_media":17379,"comment_status":"open","ping_status":"closed","template":"","meta":[],"product_brand":[],"product_cat":[2115,1623],"product_tag":[2118,2119],"class_list":{"0":"post-17376","1":"product","2":"type-product","3":"status-publish","4":"has-post-thumbnail","6":"product_cat-magnetic-squaring-arm","7":"product_cat-accessories","8":"product_tag-magnetic-squaring-arm","9":"product_tag-press-brake-accessory","11":"first","12":"instock","13":"shipping-taxable","14":"purchasable","15":"product-type-variable","16":"has-default-attributes"},"jetpack_sharing_enabled":true,"_links":{"self":[{"href":"https:\/\/tooling.harsle.com\/pl\/wp-json\/wp\/v2\/product\/17376","targetHints":{"allow":["GET"]}}],"collection":[{"href":"https:\/\/tooling.harsle.com\/pl\/wp-json\/wp\/v2\/product"}],"about":[{"href":"https:\/\/tooling.harsle.com\/pl\/wp-json\/wp\/v2\/types\/product"}],"replies":[{"embeddable":true,"href":"https:\/\/tooling.harsle.com\/pl\/wp-json\/wp\/v2\/comments?post=17376"}],"version-history":[{"count":0,"href":"https:\/\/tooling.harsle.com\/pl\/wp-json\/wp\/v2\/product\/17376\/revisions"}],"wp:featuredmedia":[{"embeddable":true,"href":"https:\/\/tooling.harsle.com\/pl\/wp-json\/wp\/v2\/media\/17379"}],"wp:attachment":[{"href":"https:\/\/tooling.harsle.com\/pl\/wp-json\/wp\/v2\/media?parent=17376"}],"wp:term":[{"taxonomy":"product_brand","embeddable":true,"href":"https:\/\/tooling.harsle.com\/pl\/wp-json\/wp\/v2\/product_brand?post=17376"},{"taxonomy":"product_cat","embeddable":true,"href":"https:\/\/tooling.harsle.com\/pl\/wp-json\/wp\/v2\/product_cat?post=17376"},{"taxonomy":"product_tag","embeddable":true,"href":"https:\/\/tooling.harsle.com\/pl\/wp-json\/wp\/v2\/product_tag?post=17376"}],"curies":[{"name":"wp","href":"https:\/\/api.w.org\/{rel}","templated":true}]}}