{"id":16825,"date":"2021-08-08T01:22:07","date_gmt":"2021-08-08T01:22:07","guid":{"rendered":"https:\/\/tooling.harsle.com\/?post_type=product&#038;p=16825"},"modified":"2024-10-03T15:15:26","modified_gmt":"2024-10-03T15:15:26","slug":"universal-bevel-protractor","status":"publish","type":"product","link":"https:\/\/tooling.harsle.com\/pt\/produto\/universal-bevel-protractor\/","title":{"rendered":"Transferidor chanfrado universal"},"content":{"rendered":"<p>(1) Me\u00e7a o \u00e2ngulo entre 0 \u00b0 e 50 \u00b0<br \/>\nA parte de medi\u00e7\u00e3o do produto \u00e9 colocada entre a superf\u00edcie de medi\u00e7\u00e3o da r\u00e9gua de base e a r\u00e9gua de medi\u00e7\u00e3o.<br \/>\n(2) Me\u00e7a o \u00e2ngulo entre 50 \u00b0 -140 \u00b0<br \/>\nO quadrado certo pode ser retirado, instalado na r\u00e9gua de forma que fique conectado com a placa setorial, a parte medida do trabalho \u00e9 colocada entre a superf\u00edcie de medi\u00e7\u00e3o da r\u00e9gua de base e a r\u00e9gua, e o quadrado certo n\u00e3o pode ser removido, apenas a r\u00e9gua e a bra\u00e7adeira s\u00e3o removidas, e ent\u00e3o o quadrado direito \u00e9 puxado para baixo at\u00e9 a intersec\u00e7\u00e3o do lado curto e do lado longo do quadrado direito e a borda afiada da r\u00e9gua de base ao seu. A parte medida da pe\u00e7a de trabalho \u00e9 colocada entre a superf\u00edcie de medi\u00e7\u00e3o da r\u00e9gua de base e a borda curta do quadrado correto para medi\u00e7\u00e3o.<br \/>\n(3) Me\u00e7a o \u00e2ngulo entre 140 \u00b0 - 230 \u00b0<br \/>\nRemova a r\u00e9gua e a bra\u00e7adeira e instale apenas o quadrado certo, mas empurre o quadrado certo para cima at\u00e9 que a intersec\u00e7\u00e3o dos lados curto e longo do quadrado direito esteja alinhada com a borda afiada da r\u00e9gua de base. Coloque a parte medida do trabalho entre a superf\u00edcie de medi\u00e7\u00e3o da r\u00e9gua de base e o lado mais curto do quadrado certo para medi\u00e7\u00e3o.<br \/>\n(4) Me\u00e7a o \u00e2ngulo entre 230 \u00b0 e 320 \u00b0<br \/>\nRemova todos os quadrados e grampos corretos, deixando apenas a placa do setor e a r\u00e9gua principal (com a r\u00e9gua de base). Coloque a parte medida do produto entre a r\u00e9gua de base e a superf\u00edcie de medi\u00e7\u00e3o da placa de setor para medi\u00e7\u00e3o.<\/p>\n<p><a href=\"https:\/\/tooling.harsle.com\/pt\/product-category\/accessories\/protractor\/\"><img decoding=\"async\" class=\"wd-lazy-fade aligncenter wp-image-16822 size-full\" src=\"https:\/\/tooling.harsle.com\/wp-content\/themes\/woodmart\/images\/lazy.svg\" data-src=\"https:\/\/tooling.harsle.com\/wp-content\/uploads\/2021\/08\/PROTRACTORS-2-1.png\" alt=\"\" width=\"934\" height=\"998\" title=\"\" srcset=\"\" data-srcset=\"https:\/\/tooling.harsle.com\/wp-content\/uploads\/2021\/08\/PROTRACTORS-2-1.png 934w, https:\/\/tooling.harsle.com\/wp-content\/uploads\/2021\/08\/PROTRACTORS-2-1-600x641.png 600w, https:\/\/tooling.harsle.com\/wp-content\/uploads\/2021\/08\/PROTRACTORS-2-1-150x160.png 150w, https:\/\/tooling.harsle.com\/wp-content\/uploads\/2021\/08\/PROTRACTORS-2-1-281x300.png 281w, https:\/\/tooling.harsle.com\/wp-content\/uploads\/2021\/08\/PROTRACTORS-2-1-768x821.png 768w\" sizes=\"(max-width: 934px) 100vw, 934px\" \/><\/a><a href=\"https:\/\/tooling.harsle.com\/pt\/product-category\/accessories\/protractor\/\"><img decoding=\"async\" class=\"wd-lazy-fade aligncenter wp-image-16823 size-full\" src=\"https:\/\/tooling.harsle.com\/wp-content\/themes\/woodmart\/images\/lazy.svg\" data-src=\"https:\/\/tooling.harsle.com\/wp-content\/uploads\/2021\/08\/Protractor-2.jpg\" alt=\"\" width=\"790\" height=\"926\" title=\"\" srcset=\"\" data-srcset=\"https:\/\/tooling.harsle.com\/wp-content\/uploads\/2021\/08\/Protractor-2.jpg 790w, https:\/\/tooling.harsle.com\/wp-content\/uploads\/2021\/08\/Protractor-2-600x703.jpg 600w, https:\/\/tooling.harsle.com\/wp-content\/uploads\/2021\/08\/Protractor-2-150x176.jpg 150w, https:\/\/tooling.harsle.com\/wp-content\/uploads\/2021\/08\/Protractor-2-256x300.jpg 256w, https:\/\/tooling.harsle.com\/wp-content\/uploads\/2021\/08\/Protractor-2-768x900.jpg 768w\" sizes=\"(max-width: 790px) 100vw, 790px\" \/><\/a><a href=\"https:\/\/tooling.harsle.com\/pt\/product-category\/accessories\/protractor\/\"><img decoding=\"async\" class=\"wd-lazy-fade aligncenter wp-image-16824 size-full\" src=\"https:\/\/tooling.harsle.com\/wp-content\/themes\/woodmart\/images\/lazy.svg\" data-src=\"https:\/\/tooling.harsle.com\/wp-content\/uploads\/2021\/08\/Protractor-1.jpg\" alt=\"\" width=\"790\" height=\"1018\" title=\"\" srcset=\"\" data-srcset=\"https:\/\/tooling.harsle.com\/wp-content\/uploads\/2021\/08\/Protractor-1.jpg 790w, https:\/\/tooling.harsle.com\/wp-content\/uploads\/2021\/08\/Protractor-1-600x773.jpg 600w, https:\/\/tooling.harsle.com\/wp-content\/uploads\/2021\/08\/Protractor-1-150x193.jpg 150w, https:\/\/tooling.harsle.com\/wp-content\/uploads\/2021\/08\/Protractor-1-233x300.jpg 233w, https:\/\/tooling.harsle.com\/wp-content\/uploads\/2021\/08\/Protractor-1-768x990.jpg 768w\" sizes=\"(max-width: 790px) 100vw, 790px\" \/><\/a><\/p>","protected":false},"excerpt":{"rendered":"<p>(1) Measure the Angle between 0\u00b0 and 50\u00b0 The measuring part of the product is placed between the measuring surface<\/p>","protected":false},"featured_media":16821,"comment_status":"open","ping_status":"closed","template":"","meta":[],"product_brand":[],"product_cat":[1623,2091],"product_tag":[2088,2094,2093],"class_list":{"0":"post-16825","1":"product","2":"type-product","3":"status-publish","4":"has-post-thumbnail","6":"product_cat-accessories","7":"product_cat-protractor","8":"product_tag-angle-ruler","9":"product_tag-protractor","10":"product_tag-universal-bevel-protractor","12":"first","13":"instock","14":"shipping-taxable","15":"purchasable","16":"product-type-variable"},"jetpack_sharing_enabled":true,"_links":{"self":[{"href":"https:\/\/tooling.harsle.com\/pt\/wp-json\/wp\/v2\/product\/16825","targetHints":{"allow":["GET"]}}],"collection":[{"href":"https:\/\/tooling.harsle.com\/pt\/wp-json\/wp\/v2\/product"}],"about":[{"href":"https:\/\/tooling.harsle.com\/pt\/wp-json\/wp\/v2\/types\/product"}],"replies":[{"embeddable":true,"href":"https:\/\/tooling.harsle.com\/pt\/wp-json\/wp\/v2\/comments?post=16825"}],"version-history":[{"count":0,"href":"https:\/\/tooling.harsle.com\/pt\/wp-json\/wp\/v2\/product\/16825\/revisions"}],"wp:featuredmedia":[{"embeddable":true,"href":"https:\/\/tooling.harsle.com\/pt\/wp-json\/wp\/v2\/media\/16821"}],"wp:attachment":[{"href":"https:\/\/tooling.harsle.com\/pt\/wp-json\/wp\/v2\/media?parent=16825"}],"wp:term":[{"taxonomy":"product_brand","embeddable":true,"href":"https:\/\/tooling.harsle.com\/pt\/wp-json\/wp\/v2\/product_brand?post=16825"},{"taxonomy":"product_cat","embeddable":true,"href":"https:\/\/tooling.harsle.com\/pt\/wp-json\/wp\/v2\/product_cat?post=16825"},{"taxonomy":"product_tag","embeddable":true,"href":"https:\/\/tooling.harsle.com\/pt\/wp-json\/wp\/v2\/product_tag?post=16825"}],"curies":[{"name":"wp","href":"https:\/\/api.w.org\/{rel}","templated":true}]}}