{"id":17849,"date":"2023-03-22T14:40:42","date_gmt":"2023-03-22T14:40:42","guid":{"rendered":"https:\/\/tooling.harsle.com\/?page_id=17849"},"modified":"2023-07-21T05:31:33","modified_gmt":"2023-07-21T05:31:33","slug":"track-order","status":"publish","type":"page","link":"https:\/\/tooling.harsle.com\/vi\/track-order\/","title":{"rendered":"Theo d\u00f5i th\u1ee9 t\u1ef1"},"content":{"rendered":"<div data-elementor-type=\"wp-page\" data-elementor-id=\"17849\" class=\"elementor elementor-17849\">\n\t\t\t\t\t\t<section class=\"elementor-section elementor-top-section elementor-element elementor-element-7f0d092e wd-section-stretch elementor-section-boxed elementor-section-height-default elementor-section-height-default\" data-id=\"7f0d092e\" data-element_type=\"section\" data-e-type=\"section\" data-settings=\"{&quot;background_background&quot;:&quot;classic&quot;}\">\n\t\t\t\t\t\t<div class=\"elementor-container elementor-column-gap-default\">\n\t\t\t\t\t<div class=\"elementor-column elementor-col-100 elementor-top-column elementor-element elementor-element-6d00f807\" data-id=\"6d00f807\" data-element_type=\"column\" data-e-type=\"column\">\n\t\t\t<div class=\"elementor-widget-wrap elementor-element-populated\">\n\t\t\t\t\t\t<div class=\"elementor-element elementor-element-2ec46a99 wd-width-100 elementor-widget elementor-widget-wd_title\" data-id=\"2ec46a99\" data-element_type=\"widget\" data-e-type=\"widget\" data-widget_type=\"wd_title.default\">\n\t\t\t\t<div class=\"elementor-widget-container\">\n\t\t\t\t\t\t\t<div class=\"title-wrapper wd-set-mb reset-last-child wd-title-color-default wd-title-style-default wd-title-size-large text-center\">\n\n\t\t\t\n\t\t\t<div class=\"liner-continer\">\n\t\t\t\t<h4 class=\"woodmart-title-container title wd-fontsize-xxl\">Theo d\u00f5i \u0111\u01a1n h\u00e0ng<\/h4> \n\t\t\t\t\t\t\t<\/div>\n\n\t\t\t\t\t<\/div>\n\t\t\t\t\t\t<\/div>\n\t\t\t\t<\/div>\n\t\t\t\t<div class=\"elementor-element elementor-element-6390431a elementor-widget elementor-widget-html\" data-id=\"6390431a\" data-element_type=\"widget\" data-e-type=\"widget\" data-widget_type=\"html.default\">\n\t\t\t\t<div class=\"elementor-widget-container\">\n\t\t\t\t\t<div class=\"woocommerce\"><\/div>\t\t\t\t<\/div>\n\t\t\t\t<\/div>\n\t\t\t\t\t<\/div>\n\t\t<\/div>\n\t\t\t\t\t<\/div>\n\t\t<\/section>\n\t\t\t\t<section class=\"wd-negative-gap elementor-section elementor-top-section elementor-element elementor-element-46c03b80 wd-section-stretch elementor-section-boxed elementor-section-height-default elementor-section-height-default\" data-id=\"46c03b80\" data-element_type=\"section\" data-e-type=\"section\" data-settings=\"{&quot;background_background&quot;:&quot;classic&quot;}\">\n\t\t\t\t\t\t<div class=\"elementor-container elementor-column-gap-default\">\n\t\t\t\t\t<div class=\"elementor-column elementor-col-100 elementor-top-column elementor-element elementor-element-318590fa\" data-id=\"318590fa\" data-element_type=\"column\" data-e-type=\"column\">\n\t\t\t<div class=\"elementor-widget-wrap elementor-element-populated\">\n\t\t\t\t\t\t<div class=\"elementor-element elementor-element-6bf4675e elementor-widget elementor-widget-wd_infobox_carousel\" data-id=\"6bf4675e\" data-element_type=\"widget\" data-e-type=\"widget\" data-widget_type=\"wd_infobox_carousel.default\">\n\t\t\t\t<div class=\"elementor-widget-container\">\n\t\t\t\t\t\t\t<div class=\"wd-carousel-container info-box-carousel-wrapper wd-carousel-dis-mb wd-off-md wd-off-sm\">\n\t\t\t<div class=\"wd-carousel-inner\">\n\t\t\t\t<div class=\"wd-carousel wd-grid info-box-carousel\" data-scroll_per_page=\"yes\" style=\"--wd-col-lg:3;--wd-col-md:3;--wd-col-sm:1;--wd-gap-lg:30px;--wd-gap-sm:10px;\">\n\t\t\t\t\t<div class=\"wd-carousel-wrap\">\n\t\t\t\t\t\t\t\t\t\t\t\t\t\t\t\t\t\t\t\t\t\t<div class=\"info-box-wrapper wd-carousel-item\">\n\t\t\t<div class=\"wd-info-box text-center box-icon-align-top box-style-base color-scheme-  elementor-repeater-item-ea7510b\">\n\t\t\t\t\t\t\t\t\t<div class=\"box-icon-wrapper  box-with-icon box-icon-simple\">\n\t\t\t\t\t\t<div class=\"info-box-icon\">\n\t\t\t\t\t\t\t\t\t\t\t\t\t\t\t<img decoding=\"async\" width=\"70\" height=\"70\" src=\"https:\/\/tooling.harsle.com\/wp-content\/uploads\/2023\/07\/Fast-Delivery-70x70.png\" class=\"attachment-70x70 size-70x70\" alt=\"\" srcset=\"https:\/\/tooling.harsle.com\/wp-content\/uploads\/2023\/07\/Fast-Delivery-70x70.png 70w, https:\/\/tooling.harsle.com\/wp-content\/uploads\/2023\/07\/Fast-Delivery-150x150.png 150w, https:\/\/tooling.harsle.com\/wp-content\/uploads\/2023\/07\/Fast-Delivery-12x12.png 12w, https:\/\/tooling.harsle.com\/wp-content\/uploads\/2023\/07\/Fast-Delivery.png 200w\" sizes=\"(max-width: 70px) 100vw, 70px\" title=\"\">\t\t\t\t\t\t\t\t\t\t\t\t\t<\/div>\n\t\t\t\t\t<\/div>\n\t\t\t\t\n\t\t\t\t<div class=\"info-box-content\">\n\t\t\t\t\t\n\t\t\t\t\t\t\t\t\t\t\t<h4\t\t\t\t\t\tclass=\"info-box-title title box-title-style-default wd-fontsize-m\" data-elementor-setting-key=\"title\">\n\t\t\t\t\t\t\t\tChuy\u1ec3n ph\u00e1t nhanh\t\t\t\t\t\t<\/h4>\n\t\t\t\t\t\n\t\t\t\t\t<div class=\"info-box-inner reset-last-child\"data-elementor-setting-key=\"content\"><p>T\u1ea5t c\u1ea3 c\u00e1c m\u00e1y ch\u1ee9ng kho\u00e1n s\u1ebd \u0111\u01b0\u1ee3c giao trong 7 ng\u00e0y sau khi nh\u1eadn \u0111\u01b0\u1ee3c kho\u1ea3n thanh to\u00e1n \u0111\u1ea7y \u0111\u1ee7.<\/p>\n<\/div>\n\n\t\t\t\t\t\t\t\t\t<\/div>\n\n\t\t\t\t\t\t\t<\/div>\n\t\t<\/div>\n\t\t\t\t\t\t\t\t\t\t\t\t\t\t\t\t\t\t\t\t\t\t\t\t<div class=\"info-box-wrapper wd-carousel-item\">\n\t\t\t<div class=\"wd-info-box text-center box-icon-align-top box-style-base color-scheme-  elementor-repeater-item-3d12955\">\n\t\t\t\t\t\t\t\t\t<div class=\"box-icon-wrapper  box-with-icon box-icon-simple\">\n\t\t\t\t\t\t<div class=\"info-box-icon\">\n\t\t\t\t\t\t\t\t\t\t\t\t\t\t\t<img decoding=\"async\" width=\"70\" height=\"70\" src=\"https:\/\/tooling.harsle.com\/wp-content\/uploads\/2023\/07\/Best-Quality01-70x70.png\" class=\"attachment-70x70 size-70x70\" alt=\"\" srcset=\"https:\/\/tooling.harsle.com\/wp-content\/uploads\/2023\/07\/Best-Quality01-70x70.png 70w, https:\/\/tooling.harsle.com\/wp-content\/uploads\/2023\/07\/Best-Quality01-150x150.png 150w, https:\/\/tooling.harsle.com\/wp-content\/uploads\/2023\/07\/Best-Quality01-12x12.png 12w, https:\/\/tooling.harsle.com\/wp-content\/uploads\/2023\/07\/Best-Quality01.png 200w\" sizes=\"(max-width: 70px) 100vw, 70px\" title=\"\">\t\t\t\t\t\t\t\t\t\t\t\t\t<\/div>\n\t\t\t\t\t<\/div>\n\t\t\t\t\n\t\t\t\t<div class=\"info-box-content\">\n\t\t\t\t\t\n\t\t\t\t\t\t\t\t\t\t\t<h4\t\t\t\t\t\tclass=\"info-box-title title box-title-style-default wd-fontsize-m\" data-elementor-setting-key=\"title\">\n\t\t\t\t\t\t\t\tCh\u1ea5t l\u01b0\u1ee3ng t\u1ed1t nh\u1ea5t\t\t\t\t\t\t<\/h4>\n\t\t\t\t\t\n\t\t\t\t\t<div class=\"info-box-inner reset-last-child\"data-elementor-setting-key=\"content\"><p>T\u1ea5t c\u1ea3 c\u00e1c m\u00e1y HARSLE \u0111\u1ec1u \u0111\u00e3 qua ki\u1ec3m tra CE, SGS v\u00e0 ISO 9001.\u00a0<\/p>\n<\/div>\n\n\t\t\t\t\t\t\t\t\t<\/div>\n\n\t\t\t\t\t\t\t<\/div>\n\t\t<\/div>\n\t\t\t\t\t\t\t\t\t\t\t\t\t\t\t\t\t\t\t\t\t\t\t\t<div class=\"info-box-wrapper wd-carousel-item\">\n\t\t\t<div class=\"wd-info-box text-center box-icon-align-top box-style-base color-scheme-  elementor-repeater-item-436686a\">\n\t\t\t\t\t\t\t\t\t<div class=\"box-icon-wrapper  box-with-icon box-icon-simple\">\n\t\t\t\t\t\t<div class=\"info-box-icon\">\n\t\t\t\t\t\t\t\t\t\t\t\t\t\t\t<img decoding=\"async\" width=\"70\" height=\"70\" src=\"https:\/\/tooling.harsle.com\/wp-content\/uploads\/2023\/07\/Free-Return01-70x70.png\" class=\"attachment-70x70 size-70x70\" alt=\"\" srcset=\"https:\/\/tooling.harsle.com\/wp-content\/uploads\/2023\/07\/Free-Return01-70x70.png 70w, https:\/\/tooling.harsle.com\/wp-content\/uploads\/2023\/07\/Free-Return01-150x150.png 150w, https:\/\/tooling.harsle.com\/wp-content\/uploads\/2023\/07\/Free-Return01-12x12.png 12w, https:\/\/tooling.harsle.com\/wp-content\/uploads\/2023\/07\/Free-Return01.png 200w\" sizes=\"(max-width: 70px) 100vw, 70px\" title=\"\">\t\t\t\t\t\t\t\t\t\t\t\t\t<\/div>\n\t\t\t\t\t<\/div>\n\t\t\t\t\n\t\t\t\t<div class=\"info-box-content\">\n\t\t\t\t\t\n\t\t\t\t\t\t\t\t\t\t\t<h4\t\t\t\t\t\tclass=\"info-box-title title box-title-style-default wd-fontsize-m\" data-elementor-setting-key=\"title\">\n\t\t\t\t\t\t\t\tTr\u1ea3 l\u1ea1i mi\u1ec5n ph\u00ed\t\t\t\t\t\t<\/h4>\n\t\t\t\t\t\n\t\t\t\t\t<div class=\"info-box-inner reset-last-child\"data-elementor-setting-key=\"content\"><p>N\u1ebfu b\u1ea1n kh\u00f4ng h\u00e0i l\u00f2ng v\u1edbi m\u00e1y HARSLE, b\u1ea1n c\u00f3 th\u1ec3 \u00e1p d\u1ee5ng ho\u00e0n ti\u1ec1n sau 30 ng\u00e0y.<\/p>\n<\/div>\n\n\t\t\t\t\t\t\t\t\t<\/div>\n\n\t\t\t\t\t\t\t<\/div>\n\t\t<\/div>\n\t\t\t\t\t\t\t\t\t\t\t\t\t<\/div>\n\t\t\t\t<\/div>\n\n\t\t\t\t\t\t\t\t\t\t\t<div class=\"wd-nav-arrows wd-pos-sep wd-hover-1 wd-icon-1\">\n\t\t\t<div class=\"wd-btn-arrow wd-prev wd-disabled\">\n\t\t\t\t<div class=\"wd-arrow-inner\"><\/div>\n\t\t\t<\/div>\n\t\t\t<div class=\"wd-btn-arrow wd-next\">\n\t\t\t\t<div class=\"wd-arrow-inner\"><\/div>\n\t\t\t<\/div>\n\t\t<\/div>\n\t\t\t\t\t\t\t\t\t<\/div>\n\n\t\t\t\t\t\t\t\t<\/div>\n\t\t\t\t\t\t<\/div>\n\t\t\t\t<\/div>\n\t\t\t\t\t<\/div>\n\t\t<\/div>\n\t\t\t\t\t<\/div>\n\t\t<\/section>\n\t\t\t\t<\/div>","protected":false},"excerpt":{"rendered":"<p>Order Tracking Fast Delivery All stock machines will be delivered in 7 days after receiving the full payment. Best Quality<\/p>","protected":false},"author":1,"featured_media":0,"parent":0,"menu_order":0,"comment_status":"closed","ping_status":"closed","template":"","meta":{"footnotes":""},"class_list":["post-17849","page","type-page","status-publish","hentry"],"jetpack_sharing_enabled":true,"_links":{"self":[{"href":"https:\/\/tooling.harsle.com\/vi\/wp-json\/wp\/v2\/pages\/17849","targetHints":{"allow":["GET"]}}],"collection":[{"href":"https:\/\/tooling.harsle.com\/vi\/wp-json\/wp\/v2\/pages"}],"about":[{"href":"https:\/\/tooling.harsle.com\/vi\/wp-json\/wp\/v2\/types\/page"}],"author":[{"embeddable":true,"href":"https:\/\/tooling.harsle.com\/vi\/wp-json\/wp\/v2\/users\/1"}],"replies":[{"embeddable":true,"href":"https:\/\/tooling.harsle.com\/vi\/wp-json\/wp\/v2\/comments?post=17849"}],"version-history":[{"count":0,"href":"https:\/\/tooling.harsle.com\/vi\/wp-json\/wp\/v2\/pages\/17849\/revisions"}],"wp:attachment":[{"href":"https:\/\/tooling.harsle.com\/vi\/wp-json\/wp\/v2\/media?parent=17849"}],"curies":[{"name":"wp","href":"https:\/\/api.w.org\/{rel}","templated":true}]}}