{"id":2697,"date":"2017-06-21T08:08:41","date_gmt":"2017-06-21T08:08:41","guid":{"rendered":"http:\/\/dummy.xtemos.com\/woodmart-elementor\/?page_id=265"},"modified":"2017-06-21T08:08:41","modified_gmt":"2017-06-21T08:08:41","slug":"compare","status":"publish","type":"page","link":"https:\/\/tooling.harsle.com\/vi\/compare\/","title":{"rendered":"\u0110\u1ed1i chi\u1ebfu"},"content":{"rendered":"<div class=\"wd-empty-block wd-empty-compare\">\n\t\t\t<h2 class=\"wd-empty-block-title\">\n\t\t\t\tCompare list is empty.\t\t\t<\/h2>\n\t\t\t\t\t\t\t<p class=\"wd-empty-block-text\">\n\t\t\t\t\tKh\u00f4ng c\u00f3 s\u1ea3n ph\u1ea9m n\u00e0o \u0111\u01b0\u1ee3c th\u00eam v\u00e0o danh s\u00e1ch so s\u00e1nh. B\u1ea1n ph\u1ea3i th\u00eam m\u1ed9t s\u1ed1 s\u1ea3n ph\u1ea9m \u0111\u1ec3 so s\u00e1nh ch\u00fang.<br> B\u1ea1n s\u1ebd t\u00ecm th\u1ea5y r\u1ea5t nhi\u1ec1u s\u1ea3n ph\u1ea9m th\u00fa v\u1ecb tr\u00ean trang &quot;C\u1eeda h\u00e0ng&quot; c\u1ee7a ch\u00fang t\u00f4i.\t\t\t\t<\/p>\n\t\t\t\t\t\t<a class=\"button btn btn-accent wd-empty-block-btn\" href=\"https:\/\/tooling.harsle.com\/vi\/products\/\">\n\t\t\t\tReturn to shop\t\t\t<\/a>\n\t\t<\/div>","protected":false},"excerpt":{"rendered":"","protected":false},"author":1,"featured_media":0,"parent":0,"menu_order":0,"comment_status":"closed","ping_status":"closed","template":"","meta":{"footnotes":""},"class_list":["post-2697","page","type-page","status-publish","hentry"],"jetpack_sharing_enabled":true,"_links":{"self":[{"href":"https:\/\/tooling.harsle.com\/vi\/wp-json\/wp\/v2\/pages\/2697","targetHints":{"allow":["GET"]}}],"collection":[{"href":"https:\/\/tooling.harsle.com\/vi\/wp-json\/wp\/v2\/pages"}],"about":[{"href":"https:\/\/tooling.harsle.com\/vi\/wp-json\/wp\/v2\/types\/page"}],"author":[{"embeddable":true,"href":"https:\/\/tooling.harsle.com\/vi\/wp-json\/wp\/v2\/users\/1"}],"replies":[{"embeddable":true,"href":"https:\/\/tooling.harsle.com\/vi\/wp-json\/wp\/v2\/comments?post=2697"}],"version-history":[{"count":0,"href":"https:\/\/tooling.harsle.com\/vi\/wp-json\/wp\/v2\/pages\/2697\/revisions"}],"wp:attachment":[{"href":"https:\/\/tooling.harsle.com\/vi\/wp-json\/wp\/v2\/media?parent=2697"}],"curies":[{"name":"wp","href":"https:\/\/api.w.org\/{rel}","templated":true}]}}