{"id":16825,"date":"2021-08-08T01:22:07","date_gmt":"2021-08-08T01:22:07","guid":{"rendered":"https:\/\/tooling.harsle.com\/?post_type=product&#038;p=16825"},"modified":"2024-10-03T15:15:26","modified_gmt":"2024-10-03T15:15:26","slug":"universal-bevel-protractor","status":"publish","type":"product","link":"https:\/\/tooling.harsle.com\/vi\/san-pham\/universal-bevel-protractor\/","title":{"rendered":"Th\u01b0\u1edbc \u0111o g\u00f3c xi\u00ean \u0111a n\u0103ng"},"content":{"rendered":"<p>(1) \u0110o G\u00f3c t\u1eeb 0 \u00b0 \u0111\u1ebfn 50 \u00b0<br \/>\nB\u1ed9 ph\u1eadn \u0111o c\u1ee7a s\u1ea3n ph\u1ea9m \u0111\u01b0\u1ee3c \u0111\u1eb7t gi\u1eefa b\u1ec1 m\u1eb7t \u0111o c\u1ee7a th\u01b0\u1edbc g\u1ed1c v\u00e0 th\u01b0\u1edbc \u0111\u1ec3 \u0111o.<br \/>\n(2) \u0110o G\u00f3c gi\u1eefa 50 \u00b0 -140 \u00b0<br \/>\nH\u00ecnh vu\u00f4ng b\u00ean ph\u1ea3i c\u00f3 th\u1ec3 \u0111\u01b0\u1ee3c th\u00e1o ra, l\u1eafp v\u00e0o th\u01b0\u1edbc sao cho n\u00f3 \u0111\u01b0\u1ee3c li\u00ean k\u1ebft v\u1edbi t\u1ea5m cung, b\u1ed9 ph\u1eadn \u0111\u01b0\u1ee3c \u0111o c\u1ee7a c\u00f4ng vi\u1ec7c \u0111\u01b0\u1ee3c \u0111\u1eb7t gi\u1eefa b\u1ec1 m\u1eb7t \u0111o c\u1ee7a th\u01b0\u1edbc g\u1ed1c v\u00e0 th\u01b0\u1edbc, v\u00e0 kh\u00f4ng th\u1ec3 th\u00e1o \u0111\u01b0\u1ee3c \u00f4 vu\u00f4ng b\u00ean ph\u1ea3i, Ch\u1ec9 l\u1ea5y th\u01b0\u1edbc v\u00e0 k\u1eb9p ra, sau \u0111\u00f3 k\u00e9o h\u00ecnh vu\u00f4ng b\u00ean ph\u1ea3i xu\u1ed1ng \u0111\u00e1y cho \u0111\u1ebfn giao \u0111i\u1ec3m c\u1ee7a c\u1ea1nh ng\u1eafn v\u00e0 c\u1ea1nh d\u00e0i c\u1ee7a h\u00ecnh vu\u00f4ng b\u00ean ph\u1ea3i v\u00e0 c\u1ea1nh s\u1eafc c\u1ee7a th\u01b0\u1edbc g\u1ed1c v\u1edbi c\u1ea1nh c\u1ee7a n\u00f3. Ph\u1ea7n \u0111\u00e3 \u0111o c\u1ee7a ph\u00f4i \u0111\u01b0\u1ee3c \u0111\u1eb7t gi\u1eefa b\u1ec1 m\u1eb7t \u0111o c\u1ee7a th\u01b0\u1edbc g\u1ed1c v\u00e0 c\u1ea1nh ng\u1eafn c\u1ee7a h\u00ecnh vu\u00f4ng b\u00ean ph\u1ea3i \u0111\u1ec3 \u0111o.<br \/>\n(3) \u0110o g\u00f3c trong kho\u1ea3ng 140 \u00b0 - 230 \u00b0<br \/>\nTh\u00e1o th\u01b0\u1edbc v\u00e0 k\u1eb9p, ch\u1ec9 l\u1eafp h\u00ecnh vu\u00f4ng b\u00ean ph\u1ea3i nh\u01b0ng \u0111\u1ea9y h\u00ecnh vu\u00f4ng b\u00ean ph\u1ea3i l\u00ean cho \u0111\u1ebfn khi giao \u0111i\u1ec3m c\u1ee7a c\u1ea1nh ng\u1eafn v\u00e0 c\u1ea1nh d\u00e0i c\u1ee7a h\u00ecnh vu\u00f4ng b\u00ean ph\u1ea3i th\u1eb3ng h\u00e0ng v\u1edbi c\u1ea1nh s\u1eafc c\u1ee7a th\u01b0\u1edbc g\u1ed1c. \u0110\u1eb7t ph\u1ea7n gia c\u00f4ng \u0111\u00e3 \u0111o v\u00e0o gi\u1eefa b\u1ec1 m\u1eb7t \u0111o c\u1ee7a th\u01b0\u1edbc g\u1ed1c v\u00e0 c\u1ea1nh ng\u1eafn c\u1ee7a h\u00ecnh vu\u00f4ng b\u00ean ph\u1ea3i \u0111\u1ec3 \u0111o.<br \/>\n(4) \u0110o G\u00f3c t\u1eeb 230 \u00b0 \u0111\u1ebfn 320 \u00b0<br \/>\nLo\u1ea1i b\u1ecf t\u1ea5t c\u1ea3 c\u00e1c \u00f4 vu\u00f4ng v\u00e0 k\u1eb9p b\u00ean ph\u1ea3i, ch\u1ec9 \u0111\u1ec3 l\u1ea1i t\u1ea5m cung v\u00e0 th\u01b0\u1edbc ch\u00ednh (v\u1edbi th\u01b0\u1edbc g\u1ed1c). \u0110\u1eb7t ph\u1ea7n \u0111\u00e3 \u0111o c\u1ee7a s\u1ea3n ph\u1ea9m gi\u1eefa th\u01b0\u1edbc g\u1ed1c v\u00e0 b\u1ec1 m\u1eb7t \u0111o c\u1ee7a t\u1ea5m cung \u0111\u1ec3 \u0111o.<\/p>\n<p><a href=\"https:\/\/tooling.harsle.com\/vi\/product-category\/accessories\/protractor\/\"><img decoding=\"async\" class=\"wd-lazy-fade aligncenter wp-image-16822 size-full\" src=\"https:\/\/tooling.harsle.com\/wp-content\/themes\/woodmart\/images\/lazy.svg\" data-src=\"https:\/\/tooling.harsle.com\/wp-content\/uploads\/2021\/08\/PROTRACTORS-2-1.png\" alt=\"\" width=\"934\" height=\"998\" title=\"\" srcset=\"\" data-srcset=\"https:\/\/tooling.harsle.com\/wp-content\/uploads\/2021\/08\/PROTRACTORS-2-1.png 934w, https:\/\/tooling.harsle.com\/wp-content\/uploads\/2021\/08\/PROTRACTORS-2-1-600x641.png 600w, https:\/\/tooling.harsle.com\/wp-content\/uploads\/2021\/08\/PROTRACTORS-2-1-150x160.png 150w, https:\/\/tooling.harsle.com\/wp-content\/uploads\/2021\/08\/PROTRACTORS-2-1-281x300.png 281w, https:\/\/tooling.harsle.com\/wp-content\/uploads\/2021\/08\/PROTRACTORS-2-1-768x821.png 768w\" sizes=\"(max-width: 934px) 100vw, 934px\" \/><\/a><a href=\"https:\/\/tooling.harsle.com\/vi\/product-category\/accessories\/protractor\/\"><img decoding=\"async\" class=\"wd-lazy-fade aligncenter wp-image-16823 size-full\" src=\"https:\/\/tooling.harsle.com\/wp-content\/themes\/woodmart\/images\/lazy.svg\" data-src=\"https:\/\/tooling.harsle.com\/wp-content\/uploads\/2021\/08\/Protractor-2.jpg\" alt=\"\" width=\"790\" height=\"926\" title=\"\" srcset=\"\" data-srcset=\"https:\/\/tooling.harsle.com\/wp-content\/uploads\/2021\/08\/Protractor-2.jpg 790w, https:\/\/tooling.harsle.com\/wp-content\/uploads\/2021\/08\/Protractor-2-600x703.jpg 600w, https:\/\/tooling.harsle.com\/wp-content\/uploads\/2021\/08\/Protractor-2-150x176.jpg 150w, https:\/\/tooling.harsle.com\/wp-content\/uploads\/2021\/08\/Protractor-2-256x300.jpg 256w, https:\/\/tooling.harsle.com\/wp-content\/uploads\/2021\/08\/Protractor-2-768x900.jpg 768w\" sizes=\"(max-width: 790px) 100vw, 790px\" \/><\/a><a href=\"https:\/\/tooling.harsle.com\/vi\/product-category\/accessories\/protractor\/\"><img decoding=\"async\" class=\"wd-lazy-fade aligncenter wp-image-16824 size-full\" src=\"https:\/\/tooling.harsle.com\/wp-content\/themes\/woodmart\/images\/lazy.svg\" data-src=\"https:\/\/tooling.harsle.com\/wp-content\/uploads\/2021\/08\/Protractor-1.jpg\" alt=\"\" width=\"790\" height=\"1018\" title=\"\" srcset=\"\" data-srcset=\"https:\/\/tooling.harsle.com\/wp-content\/uploads\/2021\/08\/Protractor-1.jpg 790w, https:\/\/tooling.harsle.com\/wp-content\/uploads\/2021\/08\/Protractor-1-600x773.jpg 600w, https:\/\/tooling.harsle.com\/wp-content\/uploads\/2021\/08\/Protractor-1-150x193.jpg 150w, https:\/\/tooling.harsle.com\/wp-content\/uploads\/2021\/08\/Protractor-1-233x300.jpg 233w, https:\/\/tooling.harsle.com\/wp-content\/uploads\/2021\/08\/Protractor-1-768x990.jpg 768w\" sizes=\"(max-width: 790px) 100vw, 790px\" \/><\/a><\/p>","protected":false},"excerpt":{"rendered":"<p>(1) Measure the Angle between 0\u00b0 and 50\u00b0 The measuring part of the product is placed between the measuring surface<\/p>","protected":false},"featured_media":16821,"comment_status":"open","ping_status":"closed","template":"","meta":[],"product_brand":[],"product_cat":[1623,2091],"product_tag":[2088,2094,2093],"class_list":{"0":"post-16825","1":"product","2":"type-product","3":"status-publish","4":"has-post-thumbnail","6":"product_cat-accessories","7":"product_cat-protractor","8":"product_tag-angle-ruler","9":"product_tag-protractor","10":"product_tag-universal-bevel-protractor","12":"first","13":"instock","14":"shipping-taxable","15":"purchasable","16":"product-type-variable"},"jetpack_sharing_enabled":true,"_links":{"self":[{"href":"https:\/\/tooling.harsle.com\/vi\/wp-json\/wp\/v2\/product\/16825","targetHints":{"allow":["GET"]}}],"collection":[{"href":"https:\/\/tooling.harsle.com\/vi\/wp-json\/wp\/v2\/product"}],"about":[{"href":"https:\/\/tooling.harsle.com\/vi\/wp-json\/wp\/v2\/types\/product"}],"replies":[{"embeddable":true,"href":"https:\/\/tooling.harsle.com\/vi\/wp-json\/wp\/v2\/comments?post=16825"}],"version-history":[{"count":0,"href":"https:\/\/tooling.harsle.com\/vi\/wp-json\/wp\/v2\/product\/16825\/revisions"}],"wp:featuredmedia":[{"embeddable":true,"href":"https:\/\/tooling.harsle.com\/vi\/wp-json\/wp\/v2\/media\/16821"}],"wp:attachment":[{"href":"https:\/\/tooling.harsle.com\/vi\/wp-json\/wp\/v2\/media?parent=16825"}],"wp:term":[{"taxonomy":"product_brand","embeddable":true,"href":"https:\/\/tooling.harsle.com\/vi\/wp-json\/wp\/v2\/product_brand?post=16825"},{"taxonomy":"product_cat","embeddable":true,"href":"https:\/\/tooling.harsle.com\/vi\/wp-json\/wp\/v2\/product_cat?post=16825"},{"taxonomy":"product_tag","embeddable":true,"href":"https:\/\/tooling.harsle.com\/vi\/wp-json\/wp\/v2\/product_tag?post=16825"}],"curies":[{"name":"wp","href":"https:\/\/api.w.org\/{rel}","templated":true}]}}