{"id":16854,"date":"2021-08-08T06:13:05","date_gmt":"2021-08-08T06:13:05","guid":{"rendered":"https:\/\/tooling.harsle.com\/?post_type=product&#038;p=16854"},"modified":"2024-10-03T15:15:25","modified_gmt":"2024-10-03T15:15:25","slug":"amada-type-double-side-fast-tool-clamp","status":"publish","type":"product","link":"https:\/\/tooling.harsle.com\/vi\/san-pham\/amada-type-double-side-fast-tool-clamp\/","title":{"rendered":"K\u1eb9p d\u1ee5ng c\u1ee5 nhanh hai m\u1eb7t lo\u1ea1i Amada"},"content":{"rendered":"<ul>\n<li>C\u00f3 th\u1ec3 b\u1ea5m v\u00e0o v\u00e0 ra kh\u1ecfi m\u1eb7t tr\u01b0\u1edbc c\u1ee7a gi\u00e1 \u0111\u1ee1 c\u00f3 th\u1ec3 b\u1ea5m l\u1ed7 theo t\u1eebng ph\u1ea7n nh\u1ecf (4\u02dd v\u00e0 nh\u1ecf h\u01a1n)<\/li>\n<li>\u0110\u1ee5c c\u00f3 th\u1ec3 \u0111\u01b0\u1ee3c g\u1eafn nhanh ch\u00f3ng b\u1eb1ng c\u00e1ch s\u1eed d\u1ee5ng t\u1ea5m k\u1eb9p ph\u00eda tr\u01b0\u1edbc ho\u1eb7c ph\u00eda sau, \u0111\u00e2y l\u00e0 m\u1ed9t t\u00ednh n\u0103ng ti\u00eau chu\u1ea9n. C\u00f3 th\u1ec3 l\u1eafp \u0111\u1eb7t c\u00e1c b\u1ed9 ph\u1eadn c\u1ea7n gi\u1ea3m \u0111\u1ed9t do nhi\u1ec5u b\u1eb1ng c\u00e1ch l\u1eafp \u0111\u1ed9t v\u00e0o hai b\u00ean c\u1ee7a k\u1eb9p lo\u1ea1i Amada. C\u00fa \u0111\u1ea5m v\u1eabn \u0111\u01b0\u1ee3c c\u0103n gi\u1eefa cho d\u00f9 \u0111\u01b0\u1ee3c g\u1eafn \u1edf m\u1eb7t tr\u01b0\u1edbc hay m\u1eb7t sau c\u1ee7a gi\u00e1 \u0111\u1ee1.<\/li>\n<li>Kh\u00f4ng c\u1ea7n d\u1ee5ng c\u1ee5 \u0111\u1ec3 si\u1ebft ch\u1eb7t l\u1ed7, ch\u1ec9 c\u1ea7n xoay \u0111\u00f2n b\u1ea9y s\u1ebd kh\u00f3a c\u00e1c l\u1ed7 v\u00e0o gi\u00e1 \u0111\u1ee1<\/li>\n<li>N\u00eam \u0111i\u1ec1u ch\u1ec9nh b\u00ean trong cho ph\u00e9p \u0111\u1ecbnh v\u1ecb gi\u00e1 \u0111\u1ee1 \u0111\u1ed9t l\u1ed7 kh\u00f4ng c\u00f3 khe h\u1edf<\/li>\n<li>K\u1eb9p lo\u1ea1i Amada ho\u1ea1t \u0111\u1ed9ng tr\u00ean t\u1ea5t c\u1ea3 c\u00e1c phanh hi\u1ec7n c\u00f3, d\u1ec5 d\u00e0ng trang b\u1ecb th\u00eam<\/li>\n<li>\u0110\u1ea3m b\u1ea3o si\u1ebft ch\u1eb7t d\u1ee5ng c\u1ee5 th\u00edch h\u1ee3p m\u1ecdi l\u00fac<img decoding=\"async\" class=\"wd-lazy-fade aligncenter size-full wp-image-16858\" src=\"https:\/\/tooling.harsle.com\/wp-content\/themes\/woodmart\/images\/lazy.svg\" data-src=\"https:\/\/tooling.harsle.com\/wp-content\/uploads\/2021\/08\/amada-fast-tool-clamp.png\" alt=\"\" width=\"1351\" height=\"1043\" title=\"\" srcset=\"\" data-srcset=\"https:\/\/tooling.harsle.com\/wp-content\/uploads\/2021\/08\/amada-fast-tool-clamp.png 1351w, https:\/\/tooling.harsle.com\/wp-content\/uploads\/2021\/08\/amada-fast-tool-clamp-600x463.png 600w, https:\/\/tooling.harsle.com\/wp-content\/uploads\/2021\/08\/amada-fast-tool-clamp-150x116.png 150w, https:\/\/tooling.harsle.com\/wp-content\/uploads\/2021\/08\/amada-fast-tool-clamp-1200x926.png 1200w, https:\/\/tooling.harsle.com\/wp-content\/uploads\/2021\/08\/amada-fast-tool-clamp-300x232.png 300w, https:\/\/tooling.harsle.com\/wp-content\/uploads\/2021\/08\/amada-fast-tool-clamp-1024x791.png 1024w, https:\/\/tooling.harsle.com\/wp-content\/uploads\/2021\/08\/amada-fast-tool-clamp-768x593.png 768w\" sizes=\"(max-width: 1351px) 100vw, 1351px\" \/><\/li>\n<\/ul>","protected":false},"excerpt":{"rendered":"<p>C\u00f3 th\u1ec3 b\u1ea5m v\u00e0o v\u00e0 ra kh\u1ecfi m\u1eb7t tr\u01b0\u1edbc c\u1ee7a gi\u00e1 \u0111\u1ee1 C\u00e1c \u0111\u1ed9t l\u1ed7 c\u00f3 k\u00edch th\u01b0\u1edbc ti\u1ebft di\u1ec7n nh\u1ecf (4\u02dd v\u00e0 nh\u1ecf h\u01a1n).<\/p>","protected":false},"featured_media":16851,"comment_status":"open","ping_status":"closed","template":"","meta":[],"product_brand":[],"product_cat":[1623,1622],"product_tag":[2100,2099,2098],"class_list":{"0":"post-16854","1":"product","2":"type-product","3":"status-publish","4":"has-post-thumbnail","6":"product_cat-accessories","7":"product_cat-tooling-clamp","8":"product_tag-amada-clamp","9":"product_tag-fast-clamp","10":"product_tag-tool-clamp","12":"first","13":"instock","14":"shipping-taxable","15":"purchasable","16":"product-type-simple"},"jetpack_sharing_enabled":true,"_links":{"self":[{"href":"https:\/\/tooling.harsle.com\/vi\/wp-json\/wp\/v2\/product\/16854","targetHints":{"allow":["GET"]}}],"collection":[{"href":"https:\/\/tooling.harsle.com\/vi\/wp-json\/wp\/v2\/product"}],"about":[{"href":"https:\/\/tooling.harsle.com\/vi\/wp-json\/wp\/v2\/types\/product"}],"replies":[{"embeddable":true,"href":"https:\/\/tooling.harsle.com\/vi\/wp-json\/wp\/v2\/comments?post=16854"}],"version-history":[{"count":0,"href":"https:\/\/tooling.harsle.com\/vi\/wp-json\/wp\/v2\/product\/16854\/revisions"}],"wp:featuredmedia":[{"embeddable":true,"href":"https:\/\/tooling.harsle.com\/vi\/wp-json\/wp\/v2\/media\/16851"}],"wp:attachment":[{"href":"https:\/\/tooling.harsle.com\/vi\/wp-json\/wp\/v2\/media?parent=16854"}],"wp:term":[{"taxonomy":"product_brand","embeddable":true,"href":"https:\/\/tooling.harsle.com\/vi\/wp-json\/wp\/v2\/product_brand?post=16854"},{"taxonomy":"product_cat","embeddable":true,"href":"https:\/\/tooling.harsle.com\/vi\/wp-json\/wp\/v2\/product_cat?post=16854"},{"taxonomy":"product_tag","embeddable":true,"href":"https:\/\/tooling.harsle.com\/vi\/wp-json\/wp\/v2\/product_tag?post=16854"}],"curies":[{"name":"wp","href":"https:\/\/api.w.org\/{rel}","templated":true}]}}